{"id":260,"date":"2025-09-09T07:20:08","date_gmt":"2025-09-09T05:20:08","guid":{"rendered":"https:\/\/aubergelescharmettes.ch\/ristorante\/"},"modified":"2026-01-15T09:14:07","modified_gmt":"2026-01-15T08:14:07","slug":"ristorante","status":"publish","type":"page","link":"https:\/\/aubergelescharmettes.ch\/it\/ristorante\/","title":{"rendered":"Ristorante"},"content":{"rendered":"<div class=\"wpb-content-wrapper\"><p>[vc_row][vc_column]<div class=\"dfd-spacer-module\"  data-units=\"px\" data-wide_resolution=\"1280\" data-wide_size=\"100\" data-normal_resolution=\"1024\" data-normal_size=\"75\" data-tablet_resolution=\"800\" data-tablet_size=\"50\" data-mobile_resolution=\"480\" data-mobile_size=\"25\" style=\"height: 100px;\"><\/div>[\/vc_column][\/vc_row][vc_row][vc_column width=&#8221;1\/2&#8243; dfd_column_responsive_enable=&#8221;dfd-column-responsive-enable&#8221; css=&#8221;.vc_custom_1757409568564{padding-right: 75px !important;}&#8221; col_shadow=&#8221;box_shadow_enable:disable|shadow_horizontal:0|shadow_vertical:15|shadow_blur:50|shadow_spread:0|box_shadow_color:rgba(0%2C0%2C0%2C.35)&#8221; col_shadow_hover=&#8221;box_shadow_enable:disable|shadow_horizontal:0|shadow_vertical:15|shadow_blur:50|shadow_spread:0|box_shadow_color:rgba(0%2C0%2C0%2C.35)&#8221; responsive_styles=&#8221;padding_right_mobile:20&#8243;]<div class=\"dfd-heading-shortcode\"><div class=\"dfd-heading-module-wrap  text-left style_01 dfd-heading-69d922d01b29e dfd-disable-resposive-headings\" id=\"dfd-heading-69d922d01b29e\" ><div class=\"inline-block\"><div class=\"dfd-heading-module\"><h2 class=\"widget-title dfd-title \" style=\"\">Sapori locali e convivialit\u00e0<\/h2><\/div><\/div><\/div><script type=\"text\/javascript\">\r\n\t\t\t\t\t\t\t\t\t(function($) {\r\n\t\t\t\t\t\t\t\t\t\t$(\"head\").append(\"<style>.dfd-heading-69d922d01b29e.dfd-heading-module-wrap .dfd-heading-module .dfd-heading-delimiter {margin-top:10px;margin-bottom:10px;}<\/style>\");\r\n\t\t\t\t\t\t\t\t\t})(jQuery);\r\n\t\t\t\t\t\t\t\t<\/script><\/div><div class=\"dfd-spacer-module\"  data-units=\"px\" data-wide_resolution=\"1280\" data-wide_size=\"25\" data-normal_resolution=\"1024\" data-normal_size=\"25\" data-tablet_resolution=\"800\" data-tablet_size=\"15\" data-mobile_resolution=\"480\" data-mobile_size=\"15\" style=\"height: 25px;\"><\/div>[vc_column_text css=&#8221;&#8221;]Il nostro ristorante propone una cucina semplice e genuina, con pizze fatte in casa, fondute e specialit\u00e0 vallesane.<\/p>\n<p>Un luogo accogliente dove si fondono prodotti locali e atmosfera calorosa.<\/p>\n<p>Accomodatevi sulla nostra terrazza soleggiata, gustatevi una coppa di gelato o un drink rinfrescante e lasciate vagare la mente.[\/vc_column_text]<div class=\"dfd-spacer-module\"  data-units=\"px\" data-wide_resolution=\"1280\" data-wide_size=\"25\" data-normal_resolution=\"1024\" data-normal_size=\"25\" data-tablet_resolution=\"800\" data-tablet_size=\"15\" data-mobile_resolution=\"480\" data-mobile_size=\"15\" style=\"height: 25px;\"><\/div><div id=\"dfd-icon-list-69d922d01b362-2519\" class=\"dfd-icon-list-wrap  style-1  \" ><ul class=\"dfd-icon-list\"><li class=\"with-link\"><div class=\"dfd-list-content clearfix \" style=\"padding-bottom:5px;\"><div class=\"dfd-list-icon-block text-center\" style=\"margin-right:5px;color:#000000; font-size:25px; \"><i class = \"dfd-icon-download_2 dfd_icon_set-icon-download_2\"><\/i><\/div><div class=\"dfd-list-content-block content\">Menu delle pizze (venerd\u00ec sera, sabato e domenica a mezzogiorno)<\/div><\/div><a href=\"https:\/\/aubergelescharmettes.ch\/wp-content\/uploads\/2026\/01\/pizza-vendredi-dimanche.pdf\"target=\"_blank\" class=\"item-link\"><\/a><\/li><li class=\"with-link\"><div class=\"dfd-list-content clearfix \" style=\"padding-bottom:5px;\"><div class=\"dfd-list-icon-block text-center\" style=\"margin-right:5px;color:#000000; font-size:25px; \"><i class = \"dfd-icon-download_2 dfd_icon_set-icon-download_2\"><\/i><\/div><div class=\"dfd-list-content-block content\">Scarica il menu (PDF)<\/p>\n<p><\/div><\/div><a href=\"https:\/\/aubergelescharmettes.ch\/wp-content\/uploads\/2026\/01\/carte-mets-2026-en-de-1.pdf\"target=\"_blank\" class=\"item-link\"><\/a><\/li><li class=\"with-link\"><div class=\"dfd-list-content clearfix \" style=\"padding-bottom:5px;\"><div class=\"dfd-list-icon-block text-center\" style=\"margin-right:5px;color:#000000; font-size:25px; \"><i class = \"dfd-icon-download_2 dfd_icon_set-icon-download_2\"><\/i><\/div><div class=\"dfd-list-content-block content\">Scarica la carta dei vini (PDF)<\/p>\n<p><\/div><\/div><a href=\"https:\/\/aubergelescharmettes.ch\/wp-content\/uploads\/2025\/09\/carte-vins.pdf\"target=\"_blank\" class=\"item-link\"><\/a><\/li><li class=\"with-link\"><div class=\"dfd-list-content clearfix \" style=\"padding-bottom:5px;\"><div class=\"dfd-list-icon-block text-center\" style=\"margin-right:5px;color:#000000; font-size:25px; \"><i class = \"dfd-icon-download_2 dfd_icon_set-icon-download_2\"><\/i><\/div><div class=\"dfd-list-content-block content\">Scarica il menu delle bevande (PDF)<\/p>\n<p><\/div><\/div><a href=\"https:\/\/aubergelescharmettes.ch\/wp-content\/uploads\/2025\/09\/carte-boissons.pdf\"target=\"_blank\" class=\"item-link\"><\/a><\/li><\/ul><\/div><script type=\"text\/javascript\">(function($) {$(\"head\").append(\"<style>#dfd-icon-list-69d922d01b362-2519 .dfd-icon-list .content {style=&quot;&quot;}<\/style>\");})(jQuery);<\/script>[\/vc_column][vc_column width=&#8221;1\/2&#8243;]<div id=\"dfd-single-image-module69d922d01b864-9065\" class=\"dfd-single-image-module  image-center \" ><img loading=\"lazy\" decoding=\"async\" src=\"https:\/\/aubergelescharmettes.ch\/wp-content\/uploads\/2025\/09\/restaurant-2.jpg\" width=\"800\" height=\"533\"  alt=\"Image module\" \/><script type=\"text\/javascript\">(function($) {$(\"head\").append(\"<style>#dfd-single-image-module69d922d01b864-9065 {border-radius: 8px;}<\/style>\");})(jQuery);<\/script><\/div>[\/vc_column][\/vc_row][vc_row][vc_column]<div class=\"dfd-spacer-module\"  data-units=\"px\" data-wide_resolution=\"1280\" data-wide_size=\"100\" data-normal_resolution=\"1024\" data-normal_size=\"75\" data-tablet_resolution=\"800\" data-tablet_size=\"50\" data-mobile_resolution=\"480\" data-mobile_size=\"25\" style=\"height: 100px;\"><\/div>[\/vc_column][\/vc_row][vc_row][vc_column width=&#8221;1\/2&#8243; dfd_column_responsive_enable=&#8221;dfd-column-responsive-enable&#8221; css=&#8221;.vc_custom_1757406480739{padding-right: 75px !important;}&#8221; col_shadow=&#8221;box_shadow_enable:disable|shadow_horizontal:0|shadow_vertical:15|shadow_blur:50|shadow_spread:0|box_shadow_color:rgba(0%2C0%2C0%2C.35)&#8221; col_shadow_hover=&#8221;box_shadow_enable:disable|shadow_horizontal:0|shadow_vertical:15|shadow_blur:50|shadow_spread:0|box_shadow_color:rgba(0%2C0%2C0%2C.35)&#8221; responsive_styles=&#8221;padding_right_desktop:20&#8243;]<div class=\"dfd-heading-shortcode\"><div class=\"dfd-heading-module-wrap  text-left style_01 dfd-heading-69d922d01b8c8 dfd-disable-resposive-headings\" id=\"dfd-heading-69d922d01b8c8\" ><div class=\"inline-block\"><div class=\"dfd-heading-module\"><h2 class=\"widget-title dfd-title \" style=\"\">Un ambiente accogliente per ogni pasto<\/h2><\/div><\/div><\/div><script type=\"text\/javascript\">\r\n\t\t\t\t\t\t\t\t\t(function($) {\r\n\t\t\t\t\t\t\t\t\t\t$(\"head\").append(\"<style>.dfd-heading-69d922d01b8c8.dfd-heading-module-wrap .dfd-heading-module .dfd-heading-delimiter {margin-top:10px;margin-bottom:10px;}<\/style>\");\r\n\t\t\t\t\t\t\t\t\t})(jQuery);\r\n\t\t\t\t\t\t\t\t<\/script><\/div><div class=\"dfd-spacer-module\"  data-units=\"px\" data-wide_resolution=\"1280\" data-wide_size=\"25\" data-normal_resolution=\"1024\" data-normal_size=\"25\" data-tablet_resolution=\"800\" data-tablet_size=\"15\" data-mobile_resolution=\"480\" data-mobile_size=\"15\" style=\"height: 25px;\"><\/div>[vc_column_text css=&#8221;&#8221;]Dalla colazione mattutina alle cene con gli amici, la nostra sala ristorante vi accoglie in un&#8217;atmosfera conviviale.<\/p>\n<p>Il bar \u00e8 aperto dalle 8:00 del mattino fino alle 21:00 circa, dal venerd\u00ec al marted\u00ec.<\/p>\n<p>Al ristorante sarete serviti con piacere sia a pranzo che a cena. Potete fare colazione a partire dalle 4 del mattino. Ideale se avete in programma delle escursioni.<\/p>\n<p>Il ristorante \u00e8 chiuso il mercoled\u00ec e il gioved\u00ec.[\/vc_column_text]<div class=\"dfd-spacer-module\"  data-units=\"px\" data-wide_resolution=\"1280\" data-wide_size=\"25\" data-normal_resolution=\"1024\" data-normal_size=\"25\" data-tablet_resolution=\"800\" data-tablet_size=\"15\" data-mobile_resolution=\"480\" data-mobile_size=\"15\" style=\"height: 25px;\"><\/div>[\/vc_column][vc_column width=&#8221;1\/2&#8243;]<div id=\"dfd-single-image-module69d922d01bc3e-5642\" class=\"dfd-single-image-module  image-center \" ><img loading=\"lazy\" decoding=\"async\" src=\"https:\/\/aubergelescharmettes.ch\/wp-content\/uploads\/2025\/09\/restaurant-1.jpg\" width=\"800\" height=\"533\"  alt=\"Image module\" \/><script type=\"text\/javascript\">(function($) {$(\"head\").append(\"<style>#dfd-single-image-module69d922d01bc3e-5642 {border-radius: 8px;}<\/style>\");})(jQuery);<\/script><\/div>[\/vc_column][\/vc_row][vc_row][vc_column]<div class=\"dfd-spacer-module\"  data-units=\"px\" data-wide_resolution=\"1280\" data-wide_size=\"100\" data-normal_resolution=\"1024\" data-normal_size=\"75\" data-tablet_resolution=\"800\" data-tablet_size=\"50\" data-mobile_resolution=\"480\" data-mobile_size=\"25\" style=\"height: 100px;\"><\/div>[\/vc_column][\/vc_row]<\/p>\n<\/div>","protected":false},"excerpt":{"rendered":"<p>[vc_row][vc_column][\/vc_column][\/vc_row][vc_row][vc_column width=&#8221;1\/2&#8243; dfd_column_responsive_enable=&#8221;dfd-column-responsive-enable&#8221; css=&#8221;.vc_custom_1757409568564{padding-right: 75px !important;}&#8221; col_shadow=&#8221;box_shadow_enable:disable|shadow_horizontal:0|shadow_vertical:15|shadow_blur:50|shadow_spread:0|box_shadow_color:rgba(0%2C0%2C0%2C.35)&#8221; col_shadow_hover=&#8221;box_shadow_enable:disable|shadow_horizontal:0|shadow_vertical:15|shadow_blur:50|shadow_spread:0|box_shadow_color:rgba(0%2C0%2C0%2C.35)&#8221; responsive_styles=&#8221;padding_right_mobile:20&#8243;][vc_column_text css=&#8221;&#8221;]Il nostro ristorante propone una cucina semplice e genuina, con pizze fatte in casa, fondute e specialit\u00e0 vallesane. Un luogo accogliente<\/p>\n","protected":false},"author":1,"featured_media":413,"parent":0,"menu_order":0,"comment_status":"closed","ping_status":"closed","template":"page-custom-with-header.php","meta":{"footnotes":""},"class_list":["post-260","page","type-page","status-publish","has-post-thumbnail","hentry"],"yoast_head":"<!-- This site is optimized with the Yoast SEO plugin v27.1.1 - https:\/\/yoast.com\/product\/yoast-seo-wordpress\/ -->\n<title>Ristorante - Auberge les Charmettes<\/title>\n<meta name=\"robots\" content=\"index, follow, max-snippet:-1, max-image-preview:large, max-video-preview:-1\" \/>\n<link rel=\"canonical\" href=\"https:\/\/aubergelescharmettes.ch\/it\/ristorante\/\" \/>\n<meta property=\"og:locale\" content=\"it_IT\" \/>\n<meta property=\"og:type\" content=\"article\" \/>\n<meta property=\"og:title\" content=\"Ristorante - Auberge les Charmettes\" \/>\n<meta property=\"og:description\" content=\"[vc_row][vc_column][\/vc_column][\/vc_row][vc_row][vc_column width=&#8221;1\/2&#8243; dfd_column_responsive_enable=&#8221;dfd-column-responsive-enable&#8221; css=&#8221;.vc_custom_1757409568564{padding-right: 75px !important;}&#8221; col_shadow=&#8221;box_shadow_enable:disable|shadow_horizontal:0|shadow_vertical:15|shadow_blur:50|shadow_spread:0|box_shadow_color:rgba(0%2C0%2C0%2C.35)&#8221; col_shadow_hover=&#8221;box_shadow_enable:disable|shadow_horizontal:0|shadow_vertical:15|shadow_blur:50|shadow_spread:0|box_shadow_color:rgba(0%2C0%2C0%2C.35)&#8221; responsive_styles=&#8221;padding_right_mobile:20&#8243;][vc_column_text css=&#8221;&#8221;]Il nostro ristorante propone una cucina semplice e genuina, con pizze fatte in casa, fondute e specialit\u00e0 vallesane. Un luogo accogliente\" \/>\n<meta property=\"og:url\" content=\"https:\/\/aubergelescharmettes.ch\/it\/ristorante\/\" \/>\n<meta property=\"og:site_name\" content=\"Auberge les Charmettes\" \/>\n<meta property=\"article:modified_time\" content=\"2026-01-15T08:14:07+00:00\" \/>\n<meta name=\"twitter:card\" content=\"summary_large_image\" \/>\n<meta name=\"twitter:label1\" content=\"Tempo di lettura stimato\" \/>\n\t<meta name=\"twitter:data1\" content=\"2 minuti\" \/>\n<script type=\"application\/ld+json\" class=\"yoast-schema-graph\">{\"@context\":\"https:\/\/schema.org\",\"@graph\":[{\"@type\":\"WebPage\",\"@id\":\"https:\/\/aubergelescharmettes.ch\/it\/ristorante\/\",\"url\":\"https:\/\/aubergelescharmettes.ch\/it\/ristorante\/\",\"name\":\"Ristorante - Auberge les Charmettes\",\"isPartOf\":{\"@id\":\"https:\/\/aubergelescharmettes.ch\/#website\"},\"primaryImageOfPage\":{\"@id\":\"https:\/\/aubergelescharmettes.ch\/it\/ristorante\/#primaryimage\"},\"image\":{\"@id\":\"https:\/\/aubergelescharmettes.ch\/it\/ristorante\/#primaryimage\"},\"thumbnailUrl\":\"https:\/\/aubergelescharmettes.ch\/wp-content\/uploads\/2026\/01\/charmettes.jpg\",\"datePublished\":\"2025-09-09T05:20:08+00:00\",\"dateModified\":\"2026-01-15T08:14:07+00:00\",\"breadcrumb\":{\"@id\":\"https:\/\/aubergelescharmettes.ch\/it\/ristorante\/#breadcrumb\"},\"inLanguage\":\"it-IT\",\"potentialAction\":[{\"@type\":\"ReadAction\",\"target\":[\"https:\/\/aubergelescharmettes.ch\/it\/ristorante\/\"]}]},{\"@type\":\"ImageObject\",\"inLanguage\":\"it-IT\",\"@id\":\"https:\/\/aubergelescharmettes.ch\/it\/ristorante\/#primaryimage\",\"url\":\"https:\/\/aubergelescharmettes.ch\/wp-content\/uploads\/2026\/01\/charmettes.jpg\",\"contentUrl\":\"https:\/\/aubergelescharmettes.ch\/wp-content\/uploads\/2026\/01\/charmettes.jpg\",\"width\":382,\"height\":510},{\"@type\":\"BreadcrumbList\",\"@id\":\"https:\/\/aubergelescharmettes.ch\/it\/ristorante\/#breadcrumb\",\"itemListElement\":[{\"@type\":\"ListItem\",\"position\":1,\"name\":\"Accueil\",\"item\":\"https:\/\/aubergelescharmettes.ch\/it\/\"},{\"@type\":\"ListItem\",\"position\":2,\"name\":\"Ristorante\"}]},{\"@type\":\"WebSite\",\"@id\":\"https:\/\/aubergelescharmettes.ch\/#website\",\"url\":\"https:\/\/aubergelescharmettes.ch\/\",\"name\":\"Auberge les Charmettes\",\"description\":\"\",\"potentialAction\":[{\"@type\":\"SearchAction\",\"target\":{\"@type\":\"EntryPoint\",\"urlTemplate\":\"https:\/\/aubergelescharmettes.ch\/?s={search_term_string}\"},\"query-input\":{\"@type\":\"PropertyValueSpecification\",\"valueRequired\":true,\"valueName\":\"search_term_string\"}}],\"inLanguage\":\"it-IT\"}]}<\/script>\n<!-- \/ Yoast SEO plugin. -->","yoast_head_json":{"title":"Ristorante - Auberge les Charmettes","robots":{"index":"index","follow":"follow","max-snippet":"max-snippet:-1","max-image-preview":"max-image-preview:large","max-video-preview":"max-video-preview:-1"},"canonical":"https:\/\/aubergelescharmettes.ch\/it\/ristorante\/","og_locale":"it_IT","og_type":"article","og_title":"Ristorante - Auberge les Charmettes","og_description":"[vc_row][vc_column][\/vc_column][\/vc_row][vc_row][vc_column width=&#8221;1\/2&#8243; dfd_column_responsive_enable=&#8221;dfd-column-responsive-enable&#8221; css=&#8221;.vc_custom_1757409568564{padding-right: 75px !important;}&#8221; col_shadow=&#8221;box_shadow_enable:disable|shadow_horizontal:0|shadow_vertical:15|shadow_blur:50|shadow_spread:0|box_shadow_color:rgba(0%2C0%2C0%2C.35)&#8221; col_shadow_hover=&#8221;box_shadow_enable:disable|shadow_horizontal:0|shadow_vertical:15|shadow_blur:50|shadow_spread:0|box_shadow_color:rgba(0%2C0%2C0%2C.35)&#8221; responsive_styles=&#8221;padding_right_mobile:20&#8243;][vc_column_text css=&#8221;&#8221;]Il nostro ristorante propone una cucina semplice e genuina, con pizze fatte in casa, fondute e specialit\u00e0 vallesane. Un luogo accogliente","og_url":"https:\/\/aubergelescharmettes.ch\/it\/ristorante\/","og_site_name":"Auberge les Charmettes","article_modified_time":"2026-01-15T08:14:07+00:00","twitter_card":"summary_large_image","twitter_misc":{"Tempo di lettura stimato":"2 minuti"},"schema":{"@context":"https:\/\/schema.org","@graph":[{"@type":"WebPage","@id":"https:\/\/aubergelescharmettes.ch\/it\/ristorante\/","url":"https:\/\/aubergelescharmettes.ch\/it\/ristorante\/","name":"Ristorante - Auberge les Charmettes","isPartOf":{"@id":"https:\/\/aubergelescharmettes.ch\/#website"},"primaryImageOfPage":{"@id":"https:\/\/aubergelescharmettes.ch\/it\/ristorante\/#primaryimage"},"image":{"@id":"https:\/\/aubergelescharmettes.ch\/it\/ristorante\/#primaryimage"},"thumbnailUrl":"https:\/\/aubergelescharmettes.ch\/wp-content\/uploads\/2026\/01\/charmettes.jpg","datePublished":"2025-09-09T05:20:08+00:00","dateModified":"2026-01-15T08:14:07+00:00","breadcrumb":{"@id":"https:\/\/aubergelescharmettes.ch\/it\/ristorante\/#breadcrumb"},"inLanguage":"it-IT","potentialAction":[{"@type":"ReadAction","target":["https:\/\/aubergelescharmettes.ch\/it\/ristorante\/"]}]},{"@type":"ImageObject","inLanguage":"it-IT","@id":"https:\/\/aubergelescharmettes.ch\/it\/ristorante\/#primaryimage","url":"https:\/\/aubergelescharmettes.ch\/wp-content\/uploads\/2026\/01\/charmettes.jpg","contentUrl":"https:\/\/aubergelescharmettes.ch\/wp-content\/uploads\/2026\/01\/charmettes.jpg","width":382,"height":510},{"@type":"BreadcrumbList","@id":"https:\/\/aubergelescharmettes.ch\/it\/ristorante\/#breadcrumb","itemListElement":[{"@type":"ListItem","position":1,"name":"Accueil","item":"https:\/\/aubergelescharmettes.ch\/it\/"},{"@type":"ListItem","position":2,"name":"Ristorante"}]},{"@type":"WebSite","@id":"https:\/\/aubergelescharmettes.ch\/#website","url":"https:\/\/aubergelescharmettes.ch\/","name":"Auberge les Charmettes","description":"","potentialAction":[{"@type":"SearchAction","target":{"@type":"EntryPoint","urlTemplate":"https:\/\/aubergelescharmettes.ch\/?s={search_term_string}"},"query-input":{"@type":"PropertyValueSpecification","valueRequired":true,"valueName":"search_term_string"}}],"inLanguage":"it-IT"}]}},"_links":{"self":[{"href":"https:\/\/aubergelescharmettes.ch\/it\/wp-json\/wp\/v2\/pages\/260","targetHints":{"allow":["GET"]}}],"collection":[{"href":"https:\/\/aubergelescharmettes.ch\/it\/wp-json\/wp\/v2\/pages"}],"about":[{"href":"https:\/\/aubergelescharmettes.ch\/it\/wp-json\/wp\/v2\/types\/page"}],"author":[{"embeddable":true,"href":"https:\/\/aubergelescharmettes.ch\/it\/wp-json\/wp\/v2\/users\/1"}],"replies":[{"embeddable":true,"href":"https:\/\/aubergelescharmettes.ch\/it\/wp-json\/wp\/v2\/comments?post=260"}],"version-history":[{"count":5,"href":"https:\/\/aubergelescharmettes.ch\/it\/wp-json\/wp\/v2\/pages\/260\/revisions"}],"predecessor-version":[{"id":368,"href":"https:\/\/aubergelescharmettes.ch\/it\/wp-json\/wp\/v2\/pages\/260\/revisions\/368"}],"wp:featuredmedia":[{"embeddable":true,"href":"https:\/\/aubergelescharmettes.ch\/it\/wp-json\/wp\/v2\/media\/413"}],"wp:attachment":[{"href":"https:\/\/aubergelescharmettes.ch\/it\/wp-json\/wp\/v2\/media?parent=260"}],"curies":[{"name":"wp","href":"https:\/\/api.w.org\/{rel}","templated":true}]}}