{"id":245,"date":"2025-09-09T07:19:26","date_gmt":"2025-09-09T05:19:26","guid":{"rendered":"https:\/\/aubergelescharmettes.ch\/contatti\/"},"modified":"2025-09-17T14:41:05","modified_gmt":"2025-09-17T12:41:05","slug":"contatti","status":"publish","type":"page","link":"https:\/\/aubergelescharmettes.ch\/it\/contatti\/","title":{"rendered":"Contatti"},"content":{"rendered":"<div class=\"wpb-content-wrapper\"><p>[vc_row][vc_column]<div class=\"dfd-spacer-module\"  data-units=\"px\" data-wide_resolution=\"1280\" data-wide_size=\"125\" data-normal_resolution=\"1024\" data-normal_size=\"80\" data-tablet_resolution=\"800\" data-tablet_size=\"50\" data-mobile_resolution=\"480\" data-mobile_size=\"25\" style=\"height: 125px;\"><\/div>[\/vc_column][\/vc_row][vc_row][vc_column width=&#8221;1\/2&#8243;]<div class=\"dfd-heading-shortcode\"><div class=\"dfd-heading-module-wrap  text-left style_01 dfd-heading-69d924736723d dfd-disable-resposive-headings\" id=\"dfd-heading-69d924736723d\" ><div class=\"inline-block\"><div class=\"dfd-heading-module\"><h2 class=\"widget-title dfd-title \" style=\"\">Locanda Les Charmettes<\/h2><\/div><\/div><\/div><script type=\"text\/javascript\">\r\n\t\t\t\t\t\t\t\t\t(function($) {\r\n\t\t\t\t\t\t\t\t\t\t$(\"head\").append(\"<style>.dfd-heading-69d924736723d.dfd-heading-module-wrap .dfd-heading-module .dfd-heading-delimiter {margin-top:10px;margin-bottom:10px;}<\/style>\");\r\n\t\t\t\t\t\t\t\t\t})(jQuery);\r\n\t\t\t\t\t\t\t\t<\/script><\/div><div class=\"dfd-spacer-module\"  data-units=\"px\" data-wide_resolution=\"1280\" data-wide_size=\"20\" data-normal_resolution=\"1024\" data-normal_size=\"20\" data-tablet_resolution=\"800\" data-tablet_size=\"20\" data-mobile_resolution=\"480\" data-mobile_size=\"20\" style=\"height: 20px;\"><\/div>[vc_column_text css=&#8221;&#8221;]Lasciatevi coccolare dal team di <strong>Claudia e Ludovic<\/strong> e trascorrete giorni di relax a Bourg-Saint-Pierre.[\/vc_column_text]<div class=\"dfd-spacer-module\"  data-units=\"px\" data-wide_resolution=\"1280\" data-wide_size=\"20\" data-normal_resolution=\"1024\" data-normal_size=\"20\" data-tablet_resolution=\"800\" data-tablet_size=\"20\" data-mobile_resolution=\"480\" data-mobile_size=\"20\" style=\"height: 20px;\"><\/div><div class=\"dfd-spacer-module\"  data-units=\"px\" data-wide_resolution=\"1280\" data-wide_size=\"20\" data-normal_resolution=\"1024\" data-normal_size=\"20\" data-tablet_resolution=\"800\" data-tablet_size=\"20\" data-mobile_resolution=\"480\" data-mobile_size=\"20\" style=\"height: 20px;\"><\/div><div id=\"idinfobox69d924736747b\" class=\"dfd-info-box clearfix style-01 layout-04  idinfobox69d924736747b\" ><div class=\"dfd-animate-container\"><div class=\"icon-wrapper\"><div class=\"module-icon\" style=\"border-radius:px;font-size:30px;\"><div class=\"hover-layer\" ><\/div><i class=\"featured-icon dfd-icon-phone dfd_icon_set-icon-phone\" style=\"font-size:25px; color:#78635a; opacity:1;\" ><\/i><\/div><\/div><div class=\"content-wrap ovh\"><div class=\"info-box-title feature-title\" style=\"\">Telefono<\/div><div class=\"description\" style=\"\"><a href=\"tel:0041277871150\">+41 27 787 11 50<\/a><\/div><\/div><\/div><\/div><div class=\"dfd-spacer-module\"  data-units=\"px\" data-wide_resolution=\"1280\" data-wide_size=\"20\" data-normal_resolution=\"1024\" data-normal_size=\"20\" data-tablet_resolution=\"800\" data-tablet_size=\"10\" data-mobile_resolution=\"480\" data-mobile_size=\"10\" style=\"height: 20px;\"><\/div><div id=\"idinfobox69d9247367583\" class=\"dfd-info-box clearfix style-01 layout-04  idinfobox69d9247367583\" ><div class=\"dfd-animate-container\"><div class=\"icon-wrapper\"><div class=\"module-icon\" style=\"border-radius:px;font-size:30px;\"><div class=\"hover-layer\" ><\/div><i class=\"featured-icon dfd-icon-email_1 dfd_icon_set-icon-email_1\" style=\"font-size:25px; color:#78635a; opacity:1;\" ><\/i><\/div><\/div><div class=\"content-wrap ovh\"><div class=\"info-box-title feature-title\" style=\"\">E-Mail<\/div><div class=\"description\" style=\"\"><a style=\"font-size: 14px;\" href=\"mailto:aubergecharmettes@gmail.com\">aubergecharmettes@gmail.com<\/a><\/div><\/div><\/div><\/div><div class=\"dfd-spacer-module\"  data-units=\"px\" data-wide_resolution=\"1280\" data-wide_size=\"20\" data-normal_resolution=\"1024\" data-normal_size=\"20\" data-tablet_resolution=\"800\" data-tablet_size=\"10\" data-mobile_resolution=\"480\" data-mobile_size=\"10\" style=\"height: 20px;\"><\/div><div id=\"idinfobox69d9247367643\" class=\"dfd-info-box clearfix style-01 layout-04  idinfobox69d9247367643\" ><div class=\"dfd-animate-container\"><div class=\"icon-wrapper\"><div class=\"module-icon\" style=\"border-radius:px;font-size:30px;\"><div class=\"hover-layer\" ><\/div><i class=\"featured-icon dfd-icon-map_marker dfd_icon_set-icon-map_marker\" style=\"font-size:25px; color:#78635a; opacity:1;\" ><\/i><\/div><\/div><div class=\"content-wrap ovh\"><div class=\"info-box-title feature-title\" style=\"\">Indirizzo<\/div><div class=\"description\" style=\"\">Auberge les Charmettes<br \/>\nRue de Raveire 8<br \/>\n1946 Bourg-Saint-Pierre<br \/>\nSvizzera<\/div><\/div><\/div><\/div><div class=\"dfd-spacer-module\"  data-units=\"px\" data-wide_resolution=\"1280\" data-wide_size=\"\" data-normal_resolution=\"1024\" data-normal_size=\"\" data-tablet_resolution=\"800\" data-tablet_size=\"\" data-mobile_resolution=\"480\" data-mobile_size=\"60\" style=\"height: px;\"><\/div>[\/vc_column][vc_column width=&#8221;1\/2&#8243;]<div id=\"dfd-single-image-module69d9247367aa1-5179\" class=\"dfd-single-image-module  image-center \" ><img loading=\"lazy\" decoding=\"async\" src=\"https:\/\/aubergelescharmettes.ch\/wp-content\/uploads\/2025\/09\/auberge-ete.jpg\" width=\"800\" height=\"533\"  alt=\"Image module\" \/><script type=\"text\/javascript\">(function($) {$(\"head\").append(\"<style>#dfd-single-image-module69d9247367aa1-5179 {border-radius: 8px;}<\/style>\");})(jQuery);<\/script><\/div>[\/vc_column][\/vc_row][vc_row][vc_column]<div class=\"dfd-spacer-module\"  data-units=\"px\" data-wide_resolution=\"1280\" data-wide_size=\"100\" data-normal_resolution=\"1024\" data-normal_size=\"75\" data-tablet_resolution=\"800\" data-tablet_size=\"50\" data-mobile_resolution=\"480\" data-mobile_size=\"50\" style=\"height: 100px;\"><\/div>[\/vc_column][\/vc_row][vc_row][vc_column width=&#8221;1\/2&#8243; dfd_column_responsive_enable=&#8221;dfd-column-responsive-enable&#8221; css=&#8221;.vc_custom_1757403537016{padding-right: 75px !important;}&#8221; col_shadow=&#8221;box_shadow_enable:disable|shadow_horizontal:0|shadow_vertical:15|shadow_blur:50|shadow_spread:0|box_shadow_color:rgba(0%2C0%2C0%2C.35)&#8221; col_shadow_hover=&#8221;box_shadow_enable:disable|shadow_horizontal:0|shadow_vertical:15|shadow_blur:50|shadow_spread:0|box_shadow_color:rgba(0%2C0%2C0%2C.35)&#8221; responsive_styles=&#8221;padding_right_mobile:20&#8243;]<div class=\"dfd-heading-shortcode\"><div class=\"dfd-heading-module-wrap  text-left style_01 dfd-heading-69d9247367b18 dfd-disable-resposive-headings\" id=\"dfd-heading-69d9247367b18\" ><div class=\"inline-block\"><div class=\"dfd-heading-module\"><h2 class=\"widget-title dfd-title \" style=\"\">Accesso<\/h2><\/div><\/div><\/div><script type=\"text\/javascript\">\r\n\t\t\t\t\t\t\t\t\t(function($) {\r\n\t\t\t\t\t\t\t\t\t\t$(\"head\").append(\"<style>.dfd-heading-69d9247367b18.dfd-heading-module-wrap .dfd-heading-module .dfd-heading-delimiter {margin-top:10px;margin-bottom:10px;}<\/style>\");\r\n\t\t\t\t\t\t\t\t\t})(jQuery);\r\n\t\t\t\t\t\t\t\t<\/script><\/div><div class=\"dfd-spacer-module\"  data-units=\"px\" data-wide_resolution=\"1280\" data-wide_size=\"20\" data-normal_resolution=\"1024\" data-normal_size=\"20\" data-tablet_resolution=\"800\" data-tablet_size=\"10\" data-mobile_resolution=\"480\" data-mobile_size=\"10\" style=\"height: 20px;\"><\/div>[vc_column_text css=&#8221;&#8221;]<strong>Tutte le strade portano a Roma, ma le migliori fanno tappa a Bourg-Saint-Pierre.<\/strong>[\/vc_column_text]<div class=\"dfd-spacer-module\"  data-units=\"px\" data-wide_resolution=\"1280\" data-wide_size=\"20\" data-normal_resolution=\"1024\" data-normal_size=\"20\" data-tablet_resolution=\"800\" data-tablet_size=\"10\" data-mobile_resolution=\"480\" data-mobile_size=\"10\" style=\"height: 20px;\"><\/div>[vc_column_text css=&#8221;&#8221;]Facilmente raggiungibile in auto da Ginevra, Briga via Martigny in direzione del Gran San Bernardo (direzione Aosta). Bourg-Saint-Pierre \u00e8 l&#8217;ultimo villaggio di montagna prima del tunnel. Girate a destra nel villaggio e dopo 800 m troverete la nostra locanda.  <\/p>\n<p>Fermata dell&#8217;autobus davanti alla casa. Linea Martigny &#8211; Bourg-Saint-Pierre &#8211; Aosta.<\/p>\n<p>[\/vc_column_text]<div class=\"dfd-spacer-module\"  data-units=\"px\" data-wide_resolution=\"1280\" data-wide_size=\"20\" data-normal_resolution=\"1024\" data-normal_size=\"20\" data-tablet_resolution=\"800\" data-tablet_size=\"10\" data-mobile_resolution=\"480\" data-mobile_size=\"10\" style=\"height: 20px;\"><\/div><div id=\"dfd-button-gradient69d9247367bfe-4543\" class=\"dfd-button-gradient-module-wrap\"><div class=\"dfd-button-module  style-2 normal text-left\" ><a href=\"https:\/\/maps.app.goo.gl\/KDanHByWZoZRVmUh7\" target=\"_blank\"  class=\"dfd-button-link  dfd-fade\"><span class=\"dfd-button-inner-cover\"><span class=\"dfd-button-text-main\" style=\"\">Vedi sulla mappa<\/span><span class=\"dfd-button-border\"><\/span><\/span><\/a><\/div><\/div><div class=\"dfd-spacer-module\"  data-units=\"px\" data-wide_resolution=\"1280\" data-wide_size=\"\" data-normal_resolution=\"1024\" data-normal_size=\"\" data-tablet_resolution=\"800\" data-tablet_size=\"\" data-mobile_resolution=\"480\" data-mobile_size=\"40\" style=\"height: px;\"><\/div>[\/vc_column][vc_column width=&#8221;1\/2&#8243;]<div class=\"dfd-heading-shortcode\"><div class=\"dfd-heading-module-wrap  text-left style_01 dfd-heading-69d9247367c5a dfd-disable-resposive-headings\" id=\"dfd-heading-69d9247367c5a\" ><div class=\"inline-block\"><div class=\"dfd-heading-module\"><h2 class=\"widget-title dfd-title \" style=\"\">Dove siamo<\/h2><\/div><\/div><\/div><script type=\"text\/javascript\">\r\n\t\t\t\t\t\t\t\t\t(function($) {\r\n\t\t\t\t\t\t\t\t\t\t$(\"head\").append(\"<style>.dfd-heading-69d9247367c5a.dfd-heading-module-wrap .dfd-heading-module .dfd-heading-delimiter {margin-top:10px;margin-bottom:10px;}<\/style>\");\r\n\t\t\t\t\t\t\t\t\t})(jQuery);\r\n\t\t\t\t\t\t\t\t<\/script><\/div><div class=\"dfd-spacer-module\"  data-units=\"px\" data-wide_resolution=\"1280\" data-wide_size=\"20\" data-normal_resolution=\"1024\" data-normal_size=\"20\" data-tablet_resolution=\"800\" data-tablet_size=\"10\" data-mobile_resolution=\"480\" data-mobile_size=\"10\" style=\"height: 20px;\"><\/div><div class=\"dfd-gmap-module map_69d9247367cdb \" ><div id=\"map_69d9247367cdb\" class=\"map-holder\"><\/div>\r\n\t\t\t\t\t<script type=\"text\/javascript\">\r\n\t\t\t\t\t\t(function($) {\r\n\t\t\t\t\t\t\t$(document).ready(function () {\r\n\t\t\t\t\t\t\t\t$(\"#map_69d9247367cdb\").bind('gmap-reload', function() {\r\n\t\t\t\t\t\t\t\t\t\t gmap3_init();\r\n\t\t\t\t\t\t\t\t\t});\r\n\r\n\t\t\t\t\t\t\t\tgmap3_init();\r\n\r\n\t\t\t\t\t\t\t\tfunction gmap3_init() {\r\n\t\t\t\t\t\t\t\t\t$(\"#map_69d9247367cdb\").gmap3('destroy');\r\n\r\n\t\t\t\t\t\t\t\t\t$(\"#map_69d9247367cdb\").gmap3({\r\n\t\t\t\t\t\t\t\t\t\tmarker: {\r\n\t\t\t\t\t\t\t\t\t\t\tvalues: [{address: \" Rue de Raveire 8, 1946 Bourg-Saint-Pierre\" , data:\"Rue de Raveire 8, 1946 Bourg-Saint-Pierre\", options:{icon: \"https:\/\/aubergelescharmettes.ch\/wp-content\/uploads\/2025\/09\/map.png\"}}],\r\n\t\t\t\t\t\t\t\t\t\t\tevents:{\r\n\t\t\t\t\t\t\t\t\t\t\t\tclick: function(marker, event, context){\r\n\t\t\t\t\t\t\t\t\t\t\t\t\tvar map = jQuery(this).gmap3(\"get\"),\r\n\t\t\t\t\t\t\t\t\t\t\t\t\t\tinfowindow = $(this).gmap3({get:{name:\"infowindow\"}});\r\n\t\t\t\t\t\t\t\t\t\t\t\t\tif (infowindow){\r\n\t\t\t\t\t\t\t\t\t\t\t\t\t\tinfowindow.open(map, marker);\r\n\t\t\t\t\t\t\t\t\t\t\t\t\t\tinfowindow.setContent('<div class=\"noscroll\">'+context.data+'<\/div>');\r\n\t\t\t\t\t\t\t\t\t\t\t\t\t} else {\r\n\t\t\t\t\t\t\t\t\t\t\t\t\t\t$(this).gmap3({\r\n\t\t\t\t\t\t\t\t\t\t\t\t\t\t\tinfowindow:{\r\n\t\t\t\t\t\t\t\t\t\t\t\t\t\t\t\tanchor:marker,\r\n\t\t\t\t\t\t\t\t\t\t\t\t\t\t\t\toptions:{content: '<div class=\"noscroll\">'+context.data+'<\/div>'}\r\n\t\t\t\t\t\t\t\t\t\t\t\t\t\t\t}\r\n\t\t\t\t\t\t\t\t\t\t\t\t\t\t});\r\n\t\t\t\t\t\t\t\t\t\t\t\t\t}\r\n\t\t\t\t\t\t\t\t\t\t\t\t}\r\n\t\t\t\t\t\t\t\t\t\t\t}\r\n\t\t\t\t\t\t\t\t\t\t},\r\n\t\t\t\t\t\t\t\t\tmap: {\r\n\t\t\t\t\t\t\t\t\t\toptions: {\r\n\t\t\t\t\t\t\t\t\t\t\tzoom: 13,\r\n\t\t\t\t\t\t\t\t\t\t\tzoomControl: true,styles:[{'featureType':'landscape','stylers':[{'saturation':-100},{'lightness':65},{'visibility':'on'}]},{'featureType':'poi','stylers':[{'saturation':-100},{'lightness':51},{'visibility':'simplified'}]},{'featureType':'road.highway','stylers':[{'saturation':-100},{'visibility':'simplified'}]},{'featureType':'road.arterial','stylers':[{'saturation':-100},{'lightness':30},{'visibility':'on'}]},{'featureType':'road.local','stylers':[{'saturation':-100},{'lightness':40},{'visibility':'on'}]},{'featureType':'transit','stylers':[{'saturation':-100},{'visibility':'simplified'}]},{'featureType':'administrative.province','stylers':[{'visibility':'off'}]},{'featureType':'water','elementType':'labels','stylers':[{'visibility':'on'},{'lightness':-25},{'saturation':-100}]},{'featureType':'water','elementType':'geometry','stylers':[{'hue':'#ffff00'},{'lightness':-25},{'saturation':-97}]}],scrollwheel: false,\r\n\t\t\t\t\t\t\t\t\t\t\tstreetViewControl: false,\r\n\t\t\t\t\t\t\t\t\t\t\tmapTypeControl: false\r\n\t\t\t\t\t\t\t\t\t\t}\r\n\t\t\t\t\t\t\t\t\t}\r\n\t\t\t\t\t\t\t\t});\r\n\t\t\t\t\t\t\t}\r\n\t\t\t\t\t\t});$(\"head\").append(\"<style>#map_69d9247367cdb {height: 500px;}<\/style>\");})(jQuery);\r\n\t\t\t\t<\/script><\/div><div class=\"dfd-spacer-module\"  data-units=\"px\" data-wide_resolution=\"1280\" data-wide_size=\"50\" data-normal_resolution=\"1024\" data-normal_size=\"50\" data-tablet_resolution=\"800\" data-tablet_size=\"30\" data-mobile_resolution=\"480\" data-mobile_size=\"25\" style=\"height: 50px;\"><\/div>[\/vc_column][\/vc_row][vc_row dfd_row_config=&#8221;full_width_content&#8221;][vc_column]<div class=\"dfd-spacer-module\"  data-units=\"px\" data-wide_resolution=\"1280\" data-wide_size=\"100\" data-normal_resolution=\"1024\" data-normal_size=\"75\" data-tablet_resolution=\"800\" data-tablet_size=\"75\" data-mobile_resolution=\"480\" data-mobile_size=\"50\" style=\"height: 100px;\"><\/div>[\/vc_column][\/vc_row][vc_row][vc_column width=&#8221;1\/2&#8243; dfd_column_responsive_enable=&#8221;dfd-column-responsive-enable&#8221; css=&#8221;.vc_custom_1757572911836{padding-right: 75px !important;}&#8221; col_shadow=&#8221;box_shadow_enable:disable|shadow_horizontal:0|shadow_vertical:15|shadow_blur:50|shadow_spread:0|box_shadow_color:rgba(0%2C0%2C0%2C.35)&#8221; col_shadow_hover=&#8221;box_shadow_enable:disable|shadow_horizontal:0|shadow_vertical:15|shadow_blur:50|shadow_spread:0|box_shadow_color:rgba(0%2C0%2C0%2C.35)&#8221; responsive_styles=&#8221;padding_right_mobile:20&#8243;]<div class=\"dfd-heading-shortcode\"><div class=\"dfd-heading-module-wrap  text-left style_01 dfd-heading-69d924736804f dfd-disable-resposive-headings\" id=\"dfd-heading-69d924736804f\" ><div class=\"inline-block\"><div class=\"dfd-heading-module\"><h2 class=\"widget-title dfd-title \" style=\"\">Arrivo<\/h2><\/div><\/div><\/div><script type=\"text\/javascript\">\r\n\t\t\t\t\t\t\t\t\t(function($) {\r\n\t\t\t\t\t\t\t\t\t\t$(\"head\").append(\"<style>.dfd-heading-69d924736804f.dfd-heading-module-wrap .dfd-heading-module .dfd-heading-delimiter {margin-top:10px;margin-bottom:10px;}<\/style>\");\r\n\t\t\t\t\t\t\t\t\t})(jQuery);\r\n\t\t\t\t\t\t\t\t<\/script><\/div><div class=\"dfd-spacer-module\"  data-units=\"px\" data-wide_resolution=\"1280\" data-wide_size=\"20\" data-normal_resolution=\"1024\" data-normal_size=\"20\" data-tablet_resolution=\"800\" data-tablet_size=\"10\" data-mobile_resolution=\"480\" data-mobile_size=\"10\" style=\"height: 20px;\"><\/div>[vc_column_text css=&#8221;&#8221;]Il check-in \u00e8 possibile a partire dalle ore 16:00.<\/p>\n<p>Se arrivate prima, potete parcheggiare gratuitamente la vostra auto nel parcheggio situato proprio davanti all&#8217;ostello.<\/p>\n<p>\u00c8 disponibile anche una stazione di ricarica per auto elettriche. Non esitate a chiedere alla receptionist come utilizzarla. <\/p>\n<p>Il mercoled\u00ec e il gioved\u00ec l&#8217;ostello \u00e8 chiuso. L&#8217;accesso alla vostra camera rimane possibile, ma il servizio di ristorazione non \u00e8 garantito. <\/p>\n<p>In caso di arrivo tardivo (dopo le 21:00), vi preghiamo di contattarci al numero +41 27 787 11 50. Provvederemo a preparare la vostra chiave nella cassetta con codice e vi comunicheremo il codice di accesso.[\/vc_column_text]<div class=\"dfd-spacer-module\"  data-units=\"px\" data-wide_resolution=\"1280\" data-wide_size=\"\" data-normal_resolution=\"1024\" data-normal_size=\"\" data-tablet_resolution=\"800\" data-tablet_size=\"\" data-mobile_resolution=\"480\" data-mobile_size=\"40\" style=\"height: px;\"><\/div>[\/vc_column][vc_column width=&#8221;1\/2&#8243;]<div class=\"dfd-heading-shortcode\"><div class=\"dfd-heading-module-wrap  text-left style_01 dfd-heading-69d92473680e0 dfd-disable-resposive-headings\" id=\"dfd-heading-69d92473680e0\" ><div class=\"inline-block\"><div class=\"dfd-heading-module\"><h2 class=\"widget-title dfd-title \" style=\"\">Partenza<\/h2><\/div><\/div><\/div><script type=\"text\/javascript\">\r\n\t\t\t\t\t\t\t\t\t(function($) {\r\n\t\t\t\t\t\t\t\t\t\t$(\"head\").append(\"<style>.dfd-heading-69d92473680e0.dfd-heading-module-wrap .dfd-heading-module .dfd-heading-delimiter {margin-top:10px;margin-bottom:10px;}<\/style>\");\r\n\t\t\t\t\t\t\t\t\t})(jQuery);\r\n\t\t\t\t\t\t\t\t<\/script><\/div><div class=\"dfd-spacer-module\"  data-units=\"px\" data-wide_resolution=\"1280\" data-wide_size=\"20\" data-normal_resolution=\"1024\" data-normal_size=\"20\" data-tablet_resolution=\"800\" data-tablet_size=\"10\" data-mobile_resolution=\"480\" data-mobile_size=\"10\" style=\"height: 20px;\"><\/div>[vc_column_text css=&#8221;&#8221;]Le camere devono essere liberate entro le ore 10:00.<\/p>\n<p>\u00c8 comunque possibile lasciare i bagagli nella propria auto parcheggiata davanti alla struttura e continuare a godersi la regione.<\/p>\n<p>Prendetevi il tempo per rilassarvi nella piscina coperta o per immergervi nella natura circostante prima di rimettervi in viaggio, a seconda dei vostri programmi.[\/vc_column_text][\/vc_column][\/vc_row][vc_row dfd_row_config=&#8221;full_width_content&#8221;][vc_column]<div class=\"dfd-spacer-module\"  data-units=\"px\" data-wide_resolution=\"1280\" data-wide_size=\"100\" data-normal_resolution=\"1024\" data-normal_size=\"75\" data-tablet_resolution=\"800\" data-tablet_size=\"75\" data-mobile_resolution=\"480\" data-mobile_size=\"50\" style=\"height: 100px;\"><\/div>[\/vc_column][\/vc_row]<\/p>\n<\/div>","protected":false},"excerpt":{"rendered":"<p>[vc_row][vc_column][\/vc_column][\/vc_row][vc_row][vc_column width=&#8221;1\/2&#8243;][vc_column_text css=&#8221;&#8221;]Lasciatevi coccolare dal team di Claudia e Ludovic e trascorrete giorni di relax a Bourg-Saint-Pierre.[\/vc_column_text][\/vc_column][vc_column width=&#8221;1\/2&#8243;][\/vc_column][\/vc_row][vc_row][vc_column][\/vc_column][\/vc_row][vc_row][vc_column width=&#8221;1\/2&#8243; dfd_column_responsive_enable=&#8221;dfd-column-responsive-enable&#8221; css=&#8221;.vc_custom_1757403537016{padding-right: 75px !important;}&#8221; col_shadow=&#8221;box_shadow_enable:disable|shadow_horizontal:0|shadow_vertical:15|shadow_blur:50|shadow_spread:0|box_shadow_color:rgba(0%2C0%2C0%2C.35)&#8221; col_shadow_hover=&#8221;box_shadow_enable:disable|shadow_horizontal:0|shadow_vertical:15|shadow_blur:50|shadow_spread:0|box_shadow_color:rgba(0%2C0%2C0%2C.35)&#8221; responsive_styles=&#8221;padding_right_mobile:20&#8243;][vc_column_text css=&#8221;&#8221;]Tutte le strade portano<\/p>\n","protected":false},"author":1,"featured_media":0,"parent":0,"menu_order":0,"comment_status":"closed","ping_status":"closed","template":"page-custom-with-header.php","meta":{"footnotes":""},"class_list":["post-245","page","type-page","status-publish","hentry"],"yoast_head":"<!-- This site is optimized with the Yoast SEO plugin v27.1.1 - https:\/\/yoast.com\/product\/yoast-seo-wordpress\/ -->\n<title>Contatti - Auberge les Charmettes<\/title>\n<meta name=\"robots\" content=\"index, follow, max-snippet:-1, max-image-preview:large, max-video-preview:-1\" \/>\n<link rel=\"canonical\" href=\"https:\/\/aubergelescharmettes.ch\/contact\/\" \/>\n<meta property=\"og:locale\" content=\"it_IT\" \/>\n<meta property=\"og:type\" content=\"article\" \/>\n<meta property=\"og:title\" content=\"Contatti - Auberge les Charmettes\" \/>\n<meta property=\"og:description\" content=\"[vc_row][vc_column][\/vc_column][\/vc_row][vc_row][vc_column width=&#8221;1\/2&#8243;][vc_column_text css=&#8221;&#8221;]Lasciatevi coccolare dal team di Claudia e Ludovic e trascorrete giorni di relax a Bourg-Saint-Pierre.[\/vc_column_text][\/vc_column][vc_column width=&#8221;1\/2&#8243;][\/vc_column][\/vc_row][vc_row][vc_column][\/vc_column][\/vc_row][vc_row][vc_column width=&#8221;1\/2&#8243; dfd_column_responsive_enable=&#8221;dfd-column-responsive-enable&#8221; css=&#8221;.vc_custom_1757403537016{padding-right: 75px !important;}&#8221; col_shadow=&#8221;box_shadow_enable:disable|shadow_horizontal:0|shadow_vertical:15|shadow_blur:50|shadow_spread:0|box_shadow_color:rgba(0%2C0%2C0%2C.35)&#8221; col_shadow_hover=&#8221;box_shadow_enable:disable|shadow_horizontal:0|shadow_vertical:15|shadow_blur:50|shadow_spread:0|box_shadow_color:rgba(0%2C0%2C0%2C.35)&#8221; responsive_styles=&#8221;padding_right_mobile:20&#8243;][vc_column_text css=&#8221;&#8221;]Tutte le strade portano\" \/>\n<meta property=\"og:url\" content=\"https:\/\/aubergelescharmettes.ch\/contact\/\" \/>\n<meta property=\"og:site_name\" content=\"Auberge les Charmettes\" \/>\n<meta property=\"article:modified_time\" content=\"2025-09-17T12:41:05+00:00\" \/>\n<meta name=\"twitter:card\" content=\"summary_large_image\" \/>\n<meta name=\"twitter:label1\" content=\"Tempo di lettura stimato\" \/>\n\t<meta name=\"twitter:data1\" content=\"7 minuti\" \/>\n<script type=\"application\/ld+json\" class=\"yoast-schema-graph\">{\"@context\":\"https:\/\/schema.org\",\"@graph\":[{\"@type\":\"WebPage\",\"@id\":\"https:\/\/aubergelescharmettes.ch\/contact\/\",\"url\":\"https:\/\/aubergelescharmettes.ch\/contact\/\",\"name\":\"Contatti - Auberge les Charmettes\",\"isPartOf\":{\"@id\":\"https:\/\/aubergelescharmettes.ch\/#website\"},\"datePublished\":\"2025-09-09T05:19:26+00:00\",\"dateModified\":\"2025-09-17T12:41:05+00:00\",\"breadcrumb\":{\"@id\":\"https:\/\/aubergelescharmettes.ch\/contact\/#breadcrumb\"},\"inLanguage\":\"it-IT\",\"potentialAction\":[{\"@type\":\"ReadAction\",\"target\":[\"https:\/\/aubergelescharmettes.ch\/contact\/\"]}]},{\"@type\":\"BreadcrumbList\",\"@id\":\"https:\/\/aubergelescharmettes.ch\/contact\/#breadcrumb\",\"itemListElement\":[{\"@type\":\"ListItem\",\"position\":1,\"name\":\"Accueil\",\"item\":\"https:\/\/aubergelescharmettes.ch\/it\/\"},{\"@type\":\"ListItem\",\"position\":2,\"name\":\"Contatti\"}]},{\"@type\":\"WebSite\",\"@id\":\"https:\/\/aubergelescharmettes.ch\/#website\",\"url\":\"https:\/\/aubergelescharmettes.ch\/\",\"name\":\"Auberge les Charmettes\",\"description\":\"\",\"potentialAction\":[{\"@type\":\"SearchAction\",\"target\":{\"@type\":\"EntryPoint\",\"urlTemplate\":\"https:\/\/aubergelescharmettes.ch\/?s={search_term_string}\"},\"query-input\":{\"@type\":\"PropertyValueSpecification\",\"valueRequired\":true,\"valueName\":\"search_term_string\"}}],\"inLanguage\":\"it-IT\"}]}<\/script>\n<!-- \/ Yoast SEO plugin. -->","yoast_head_json":{"title":"Contatti - Auberge les Charmettes","robots":{"index":"index","follow":"follow","max-snippet":"max-snippet:-1","max-image-preview":"max-image-preview:large","max-video-preview":"max-video-preview:-1"},"canonical":"https:\/\/aubergelescharmettes.ch\/contact\/","og_locale":"it_IT","og_type":"article","og_title":"Contatti - Auberge les Charmettes","og_description":"[vc_row][vc_column][\/vc_column][\/vc_row][vc_row][vc_column width=&#8221;1\/2&#8243;][vc_column_text css=&#8221;&#8221;]Lasciatevi coccolare dal team di Claudia e Ludovic e trascorrete giorni di relax a Bourg-Saint-Pierre.[\/vc_column_text][\/vc_column][vc_column width=&#8221;1\/2&#8243;][\/vc_column][\/vc_row][vc_row][vc_column][\/vc_column][\/vc_row][vc_row][vc_column width=&#8221;1\/2&#8243; dfd_column_responsive_enable=&#8221;dfd-column-responsive-enable&#8221; css=&#8221;.vc_custom_1757403537016{padding-right: 75px !important;}&#8221; col_shadow=&#8221;box_shadow_enable:disable|shadow_horizontal:0|shadow_vertical:15|shadow_blur:50|shadow_spread:0|box_shadow_color:rgba(0%2C0%2C0%2C.35)&#8221; col_shadow_hover=&#8221;box_shadow_enable:disable|shadow_horizontal:0|shadow_vertical:15|shadow_blur:50|shadow_spread:0|box_shadow_color:rgba(0%2C0%2C0%2C.35)&#8221; responsive_styles=&#8221;padding_right_mobile:20&#8243;][vc_column_text css=&#8221;&#8221;]Tutte le strade portano","og_url":"https:\/\/aubergelescharmettes.ch\/contact\/","og_site_name":"Auberge les Charmettes","article_modified_time":"2025-09-17T12:41:05+00:00","twitter_card":"summary_large_image","twitter_misc":{"Tempo di lettura stimato":"7 minuti"},"schema":{"@context":"https:\/\/schema.org","@graph":[{"@type":"WebPage","@id":"https:\/\/aubergelescharmettes.ch\/contact\/","url":"https:\/\/aubergelescharmettes.ch\/contact\/","name":"Contatti - Auberge les Charmettes","isPartOf":{"@id":"https:\/\/aubergelescharmettes.ch\/#website"},"datePublished":"2025-09-09T05:19:26+00:00","dateModified":"2025-09-17T12:41:05+00:00","breadcrumb":{"@id":"https:\/\/aubergelescharmettes.ch\/contact\/#breadcrumb"},"inLanguage":"it-IT","potentialAction":[{"@type":"ReadAction","target":["https:\/\/aubergelescharmettes.ch\/contact\/"]}]},{"@type":"BreadcrumbList","@id":"https:\/\/aubergelescharmettes.ch\/contact\/#breadcrumb","itemListElement":[{"@type":"ListItem","position":1,"name":"Accueil","item":"https:\/\/aubergelescharmettes.ch\/it\/"},{"@type":"ListItem","position":2,"name":"Contatti"}]},{"@type":"WebSite","@id":"https:\/\/aubergelescharmettes.ch\/#website","url":"https:\/\/aubergelescharmettes.ch\/","name":"Auberge les Charmettes","description":"","potentialAction":[{"@type":"SearchAction","target":{"@type":"EntryPoint","urlTemplate":"https:\/\/aubergelescharmettes.ch\/?s={search_term_string}"},"query-input":{"@type":"PropertyValueSpecification","valueRequired":true,"valueName":"search_term_string"}}],"inLanguage":"it-IT"}]}},"_links":{"self":[{"href":"https:\/\/aubergelescharmettes.ch\/it\/wp-json\/wp\/v2\/pages\/245","targetHints":{"allow":["GET"]}}],"collection":[{"href":"https:\/\/aubergelescharmettes.ch\/it\/wp-json\/wp\/v2\/pages"}],"about":[{"href":"https:\/\/aubergelescharmettes.ch\/it\/wp-json\/wp\/v2\/types\/page"}],"author":[{"embeddable":true,"href":"https:\/\/aubergelescharmettes.ch\/it\/wp-json\/wp\/v2\/users\/1"}],"replies":[{"embeddable":true,"href":"https:\/\/aubergelescharmettes.ch\/it\/wp-json\/wp\/v2\/comments?post=245"}],"version-history":[{"count":3,"href":"https:\/\/aubergelescharmettes.ch\/it\/wp-json\/wp\/v2\/pages\/245\/revisions"}],"predecessor-version":[{"id":283,"href":"https:\/\/aubergelescharmettes.ch\/it\/wp-json\/wp\/v2\/pages\/245\/revisions\/283"}],"wp:attachment":[{"href":"https:\/\/aubergelescharmettes.ch\/it\/wp-json\/wp\/v2\/media?parent=245"}],"curies":[{"name":"wp","href":"https:\/\/api.w.org\/{rel}","templated":true}]}}