{"id":265,"date":"2025-09-09T07:19:26","date_gmt":"2025-09-09T05:19:26","guid":{"rendered":"https:\/\/aubergelescharmettes.ch\/contact\/"},"modified":"2025-09-22T10:58:49","modified_gmt":"2025-09-22T08:58:49","slug":"kontakt","status":"publish","type":"page","link":"https:\/\/aubergelescharmettes.ch\/de\/kontakt\/","title":{"rendered":"Kontakt"},"content":{"rendered":"<div class=\"wpb-content-wrapper\"><p>[vc_row][vc_column]<div class=\"dfd-spacer-module\"  data-units=\"px\" data-wide_resolution=\"1280\" data-wide_size=\"125\" data-normal_resolution=\"1024\" data-normal_size=\"80\" data-tablet_resolution=\"800\" data-tablet_size=\"50\" data-mobile_resolution=\"480\" data-mobile_size=\"25\" style=\"height: 125px;\"><\/div>[\/vc_column][\/vc_row][vc_row][vc_column width=&#8220;1\/2&#8243;]<div class=\"dfd-heading-shortcode\"><div class=\"dfd-heading-module-wrap  text-left style_01 dfd-heading-69d93f77752c0 dfd-disable-resposive-headings\" id=\"dfd-heading-69d93f77752c0\" ><div class=\"inline-block\"><div class=\"dfd-heading-module\"><h2 class=\"widget-title dfd-title \" style=\"\">Gasthaus Les Charmettes<\/h2><\/div><\/div><\/div><script type=\"text\/javascript\">\r\n\t\t\t\t\t\t\t\t\t(function($) {\r\n\t\t\t\t\t\t\t\t\t\t$(\"head\").append(\"<style>.dfd-heading-69d93f77752c0.dfd-heading-module-wrap .dfd-heading-module .dfd-heading-delimiter {margin-top:10px;margin-bottom:10px;}<\/style>\");\r\n\t\t\t\t\t\t\t\t\t})(jQuery);\r\n\t\t\t\t\t\t\t\t<\/script><\/div><div class=\"dfd-spacer-module\"  data-units=\"px\" data-wide_resolution=\"1280\" data-wide_size=\"20\" data-normal_resolution=\"1024\" data-normal_size=\"20\" data-tablet_resolution=\"800\" data-tablet_size=\"20\" data-mobile_resolution=\"480\" data-mobile_size=\"20\" style=\"height: 20px;\"><\/div>[vc_column_text css=&#8220;&#8220;]Lassen Sie sich vom Team von <strong>Claudia und Ludovic<\/strong> verw\u00f6hnen und verbringen Sie erholsame Tage in Bourg-Saint-Pierre.[\/vc_column_text]<div class=\"dfd-spacer-module\"  data-units=\"px\" data-wide_resolution=\"1280\" data-wide_size=\"20\" data-normal_resolution=\"1024\" data-normal_size=\"20\" data-tablet_resolution=\"800\" data-tablet_size=\"20\" data-mobile_resolution=\"480\" data-mobile_size=\"20\" style=\"height: 20px;\"><\/div><div class=\"dfd-spacer-module\"  data-units=\"px\" data-wide_resolution=\"1280\" data-wide_size=\"20\" data-normal_resolution=\"1024\" data-normal_size=\"20\" data-tablet_resolution=\"800\" data-tablet_size=\"20\" data-mobile_resolution=\"480\" data-mobile_size=\"20\" style=\"height: 20px;\"><\/div><div id=\"idinfobox69d93f77753ce\" class=\"dfd-info-box clearfix style-01 layout-04  idinfobox69d93f77753ce\" ><div class=\"dfd-animate-container\"><div class=\"icon-wrapper\"><div class=\"module-icon\" style=\"border-radius:px;font-size:30px;\"><div class=\"hover-layer\" ><\/div><i class=\"featured-icon dfd-icon-phone dfd_icon_set-icon-phone\" style=\"font-size:25px; color:#78635a; opacity:1;\" ><\/i><\/div><\/div><div class=\"content-wrap ovh\"><div class=\"info-box-title feature-title\" style=\"\">Telefon<\/div><div class=\"description\" style=\"\"><a href=\"tel:0041277871150\">+41 27 787 11 50<\/a><\/div><\/div><\/div><\/div><div class=\"dfd-spacer-module\"  data-units=\"px\" data-wide_resolution=\"1280\" data-wide_size=\"20\" data-normal_resolution=\"1024\" data-normal_size=\"20\" data-tablet_resolution=\"800\" data-tablet_size=\"10\" data-mobile_resolution=\"480\" data-mobile_size=\"10\" style=\"height: 20px;\"><\/div><div id=\"idinfobox69d93f7775447\" class=\"dfd-info-box clearfix style-01 layout-04  idinfobox69d93f7775447\" ><div class=\"dfd-animate-container\"><div class=\"icon-wrapper\"><div class=\"module-icon\" style=\"border-radius:px;font-size:30px;\"><div class=\"hover-layer\" ><\/div><i class=\"featured-icon dfd-icon-email_1 dfd_icon_set-icon-email_1\" style=\"font-size:25px; color:#78635a; opacity:1;\" ><\/i><\/div><\/div><div class=\"content-wrap ovh\"><div class=\"info-box-title feature-title\" style=\"\">E-Mail<\/div><div class=\"description\" style=\"\"><a style=\"font-size: 14px;\" href=\"mailto:aubergecharmettes@gmail.com\">aubergecharmettes@gmail.com<\/a><\/div><\/div><\/div><\/div><div class=\"dfd-spacer-module\"  data-units=\"px\" data-wide_resolution=\"1280\" data-wide_size=\"20\" data-normal_resolution=\"1024\" data-normal_size=\"20\" data-tablet_resolution=\"800\" data-tablet_size=\"10\" data-mobile_resolution=\"480\" data-mobile_size=\"10\" style=\"height: 20px;\"><\/div><div id=\"idinfobox69d93f77754a7\" class=\"dfd-info-box clearfix style-01 layout-04  idinfobox69d93f77754a7\" ><div class=\"dfd-animate-container\"><div class=\"icon-wrapper\"><div class=\"module-icon\" style=\"border-radius:px;font-size:30px;\"><div class=\"hover-layer\" ><\/div><i class=\"featured-icon dfd-icon-map_marker dfd_icon_set-icon-map_marker\" style=\"font-size:25px; color:#78635a; opacity:1;\" ><\/i><\/div><\/div><div class=\"content-wrap ovh\"><div class=\"info-box-title feature-title\" style=\"\">Adresse<\/div><div class=\"description\" style=\"\">Auberge les Charmettes<br \/>\nRue de Raveire 8<br \/>\n1946 Bourg-Saint-Pierre<br \/>\nSchweiz <\/div><\/div><\/div><\/div><div class=\"dfd-spacer-module\"  data-units=\"px\" data-wide_resolution=\"1280\" data-wide_size=\"\" data-normal_resolution=\"1024\" data-normal_size=\"\" data-tablet_resolution=\"800\" data-tablet_size=\"\" data-mobile_resolution=\"480\" data-mobile_size=\"60\" style=\"height: px;\"><\/div>[\/vc_column][vc_column width=&#8220;1\/2&#8243;]<div id=\"dfd-single-image-module69d93f7775867-3069\" class=\"dfd-single-image-module  image-center \" ><img loading=\"lazy\" decoding=\"async\" src=\"https:\/\/aubergelescharmettes.ch\/wp-content\/uploads\/2025\/09\/auberge-ete.jpg\" width=\"800\" height=\"533\"  alt=\"Image module\" \/><script type=\"text\/javascript\">(function($) {$(\"head\").append(\"<style>#dfd-single-image-module69d93f7775867-3069 {border-radius: 8px;}<\/style>\");})(jQuery);<\/script><\/div>[\/vc_column][\/vc_row][vc_row][vc_column]<div class=\"dfd-spacer-module\"  data-units=\"px\" data-wide_resolution=\"1280\" data-wide_size=\"100\" data-normal_resolution=\"1024\" data-normal_size=\"75\" data-tablet_resolution=\"800\" data-tablet_size=\"50\" data-mobile_resolution=\"480\" data-mobile_size=\"50\" style=\"height: 100px;\"><\/div>[\/vc_column][\/vc_row][vc_row][vc_column width=&#8220;1\/2&#8243; dfd_column_responsive_enable=&#8220;dfd-column-responsive-enable&#8220; css=&#8220;.vc_custom_1757403537016{padding-right: 75px !important;}&#8220; col_shadow=&#8220;box_shadow_enable:disable|shadow_horizontal:0|shadow_vertical:15|shadow_blur:50|shadow_spread:0|box_shadow_color:rgba(0%2C0%2C0%2C.35)&#8220; col_shadow_hover=&#8220;box_shadow_enable:disable|shadow_horizontal:0|shadow_vertical:15|shadow_blur:50|shadow_spread:0|box_shadow_color:rgba(0%2C0%2C0%2C.35)&#8220; responsive_styles=&#8220;padding_right_mobile:20&#8243;]<div class=\"dfd-heading-shortcode\"><div class=\"dfd-heading-module-wrap  text-left style_01 dfd-heading-69d93f77758d6 dfd-disable-resposive-headings\" id=\"dfd-heading-69d93f77758d6\" ><div class=\"inline-block\"><div class=\"dfd-heading-module\"><h2 class=\"widget-title dfd-title \" style=\"\">Zugang<\/h2><\/div><\/div><\/div><script type=\"text\/javascript\">\r\n\t\t\t\t\t\t\t\t\t(function($) {\r\n\t\t\t\t\t\t\t\t\t\t$(\"head\").append(\"<style>.dfd-heading-69d93f77758d6.dfd-heading-module-wrap .dfd-heading-module .dfd-heading-delimiter {margin-top:10px;margin-bottom:10px;}<\/style>\");\r\n\t\t\t\t\t\t\t\t\t})(jQuery);\r\n\t\t\t\t\t\t\t\t<\/script><\/div><div class=\"dfd-spacer-module\"  data-units=\"px\" data-wide_resolution=\"1280\" data-wide_size=\"20\" data-normal_resolution=\"1024\" data-normal_size=\"20\" data-tablet_resolution=\"800\" data-tablet_size=\"10\" data-mobile_resolution=\"480\" data-mobile_size=\"10\" style=\"height: 20px;\"><\/div>[vc_column_text css=&#8220;&#8220;]<strong>Alle Wege f\u00fchren nach Rom, die besten machen Halt in Bourg-Saint-Pierre.<\/strong>[\/vc_column_text]<div class=\"dfd-spacer-module\"  data-units=\"px\" data-wide_resolution=\"1280\" data-wide_size=\"20\" data-normal_resolution=\"1024\" data-normal_size=\"20\" data-tablet_resolution=\"800\" data-tablet_size=\"10\" data-mobile_resolution=\"480\" data-mobile_size=\"10\" style=\"height: 20px;\"><\/div>[vc_column_text css=&#8220;&#8220;]Mit dem Auto von Genf aus leicht erreichbar, Brig \u00fcber Martigny in Richtung Grand Saint-Bernard (Richtung Aosta). Bourg-Saint-Pierre ist das letzte Bergdorf vor dem Tunnel. Biegen Sie im Dorf rechts ab, nach 800 m finden Sie unser Gasthaus.<\/p>\n<p>Bushaltestelle vor dem Haus. Buslinie Martigny \u2013 Bourg-Saint-Pierre \u2013 Aosta.<\/p>\n<p>[\/vc_column_text]<div class=\"dfd-spacer-module\"  data-units=\"px\" data-wide_resolution=\"1280\" data-wide_size=\"20\" data-normal_resolution=\"1024\" data-normal_size=\"20\" data-tablet_resolution=\"800\" data-tablet_size=\"10\" data-mobile_resolution=\"480\" data-mobile_size=\"10\" style=\"height: 20px;\"><\/div><div id=\"dfd-button-gradient69d93f77759ae-8750\" class=\"dfd-button-gradient-module-wrap\"><div class=\"dfd-button-module  style-2 normal text-left\" ><a href=\"https:\/\/maps.app.goo.gl\/KDanHByWZoZRVmUh7\" target=\"_blank\"  class=\"dfd-button-link  dfd-fade\"><span class=\"dfd-button-inner-cover\"><span class=\"dfd-button-text-main\" style=\"\">Auf der Karte anzeigen<\/span><span class=\"dfd-button-border\"><\/span><\/span><\/a><\/div><\/div><div class=\"dfd-spacer-module\"  data-units=\"px\" data-wide_resolution=\"1280\" data-wide_size=\"\" data-normal_resolution=\"1024\" data-normal_size=\"\" data-tablet_resolution=\"800\" data-tablet_size=\"\" data-mobile_resolution=\"480\" data-mobile_size=\"40\" style=\"height: px;\"><\/div>[\/vc_column][vc_column width=&#8220;1\/2&#8243;]<div class=\"dfd-heading-shortcode\"><div class=\"dfd-heading-module-wrap  text-left style_01 dfd-heading-69d93f7775a0c dfd-disable-resposive-headings\" id=\"dfd-heading-69d93f7775a0c\" ><div class=\"inline-block\"><div class=\"dfd-heading-module\"><h2 class=\"widget-title dfd-title \" style=\"\">So finden Sie uns<\/h2><\/div><\/div><\/div><script type=\"text\/javascript\">\r\n\t\t\t\t\t\t\t\t\t(function($) {\r\n\t\t\t\t\t\t\t\t\t\t$(\"head\").append(\"<style>.dfd-heading-69d93f7775a0c.dfd-heading-module-wrap .dfd-heading-module .dfd-heading-delimiter {margin-top:10px;margin-bottom:10px;}<\/style>\");\r\n\t\t\t\t\t\t\t\t\t})(jQuery);\r\n\t\t\t\t\t\t\t\t<\/script><\/div><div class=\"dfd-spacer-module\"  data-units=\"px\" data-wide_resolution=\"1280\" data-wide_size=\"20\" data-normal_resolution=\"1024\" data-normal_size=\"20\" data-tablet_resolution=\"800\" data-tablet_size=\"10\" data-mobile_resolution=\"480\" data-mobile_size=\"10\" style=\"height: 20px;\"><\/div><div class=\"dfd-gmap-module map_69d93f7775a8c \" ><div id=\"map_69d93f7775a8c\" class=\"map-holder\"><\/div>\r\n\t\t\t\t\t<script type=\"text\/javascript\">\r\n\t\t\t\t\t\t(function($) {\r\n\t\t\t\t\t\t\t$(document).ready(function () {\r\n\t\t\t\t\t\t\t\t$(\"#map_69d93f7775a8c\").bind('gmap-reload', function() {\r\n\t\t\t\t\t\t\t\t\t\t gmap3_init();\r\n\t\t\t\t\t\t\t\t\t});\r\n\r\n\t\t\t\t\t\t\t\tgmap3_init();\r\n\r\n\t\t\t\t\t\t\t\tfunction gmap3_init() {\r\n\t\t\t\t\t\t\t\t\t$(\"#map_69d93f7775a8c\").gmap3('destroy');\r\n\r\n\t\t\t\t\t\t\t\t\t$(\"#map_69d93f7775a8c\").gmap3({\r\n\t\t\t\t\t\t\t\t\t\tmarker: {\r\n\t\t\t\t\t\t\t\t\t\t\tvalues: [{address: \" Rue de Raveire 8, 1946 Bourg-Saint-Pierre\" , data:\"Rue de Raveire 8, 1946 Bourg-Saint-Pierre\", options:{icon: \"https:\/\/aubergelescharmettes.ch\/wp-content\/uploads\/2025\/09\/map.png\"}}],\r\n\t\t\t\t\t\t\t\t\t\t\tevents:{\r\n\t\t\t\t\t\t\t\t\t\t\t\tclick: function(marker, event, context){\r\n\t\t\t\t\t\t\t\t\t\t\t\t\tvar map = jQuery(this).gmap3(\"get\"),\r\n\t\t\t\t\t\t\t\t\t\t\t\t\t\tinfowindow = $(this).gmap3({get:{name:\"infowindow\"}});\r\n\t\t\t\t\t\t\t\t\t\t\t\t\tif (infowindow){\r\n\t\t\t\t\t\t\t\t\t\t\t\t\t\tinfowindow.open(map, marker);\r\n\t\t\t\t\t\t\t\t\t\t\t\t\t\tinfowindow.setContent('<div class=\"noscroll\">'+context.data+'<\/div>');\r\n\t\t\t\t\t\t\t\t\t\t\t\t\t} else {\r\n\t\t\t\t\t\t\t\t\t\t\t\t\t\t$(this).gmap3({\r\n\t\t\t\t\t\t\t\t\t\t\t\t\t\t\tinfowindow:{\r\n\t\t\t\t\t\t\t\t\t\t\t\t\t\t\t\tanchor:marker,\r\n\t\t\t\t\t\t\t\t\t\t\t\t\t\t\t\toptions:{content: '<div class=\"noscroll\">'+context.data+'<\/div>'}\r\n\t\t\t\t\t\t\t\t\t\t\t\t\t\t\t}\r\n\t\t\t\t\t\t\t\t\t\t\t\t\t\t});\r\n\t\t\t\t\t\t\t\t\t\t\t\t\t}\r\n\t\t\t\t\t\t\t\t\t\t\t\t}\r\n\t\t\t\t\t\t\t\t\t\t\t}\r\n\t\t\t\t\t\t\t\t\t\t},\r\n\t\t\t\t\t\t\t\t\tmap: {\r\n\t\t\t\t\t\t\t\t\t\toptions: {\r\n\t\t\t\t\t\t\t\t\t\t\tzoom: 13,\r\n\t\t\t\t\t\t\t\t\t\t\tzoomControl: true,styles:[{'featureType':'landscape','stylers':[{'saturation':-100},{'lightness':65},{'visibility':'on'}]},{'featureType':'poi','stylers':[{'saturation':-100},{'lightness':51},{'visibility':'simplified'}]},{'featureType':'road.highway','stylers':[{'saturation':-100},{'visibility':'simplified'}]},{'featureType':'road.arterial','stylers':[{'saturation':-100},{'lightness':30},{'visibility':'on'}]},{'featureType':'road.local','stylers':[{'saturation':-100},{'lightness':40},{'visibility':'on'}]},{'featureType':'transit','stylers':[{'saturation':-100},{'visibility':'simplified'}]},{'featureType':'administrative.province','stylers':[{'visibility':'off'}]},{'featureType':'water','elementType':'labels','stylers':[{'visibility':'on'},{'lightness':-25},{'saturation':-100}]},{'featureType':'water','elementType':'geometry','stylers':[{'hue':'#ffff00'},{'lightness':-25},{'saturation':-97}]}],scrollwheel: false,\r\n\t\t\t\t\t\t\t\t\t\t\tstreetViewControl: false,\r\n\t\t\t\t\t\t\t\t\t\t\tmapTypeControl: false\r\n\t\t\t\t\t\t\t\t\t\t}\r\n\t\t\t\t\t\t\t\t\t}\r\n\t\t\t\t\t\t\t\t});\r\n\t\t\t\t\t\t\t}\r\n\t\t\t\t\t\t});$(\"head\").append(\"<style>#map_69d93f7775a8c {height: 500px;}<\/style>\");})(jQuery);\r\n\t\t\t\t<\/script><\/div><div class=\"dfd-spacer-module\"  data-units=\"px\" data-wide_resolution=\"1280\" data-wide_size=\"50\" data-normal_resolution=\"1024\" data-normal_size=\"50\" data-tablet_resolution=\"800\" data-tablet_size=\"30\" data-mobile_resolution=\"480\" data-mobile_size=\"25\" style=\"height: 50px;\"><\/div>[\/vc_column][\/vc_row][vc_row dfd_row_config=&#8220;full_width_content&#8220;][vc_column]<div class=\"dfd-spacer-module\"  data-units=\"px\" data-wide_resolution=\"1280\" data-wide_size=\"100\" data-normal_resolution=\"1024\" data-normal_size=\"75\" data-tablet_resolution=\"800\" data-tablet_size=\"75\" data-mobile_resolution=\"480\" data-mobile_size=\"50\" style=\"height: 100px;\"><\/div>[\/vc_column][\/vc_row][vc_row][vc_column width=&#8220;1\/2&#8243; dfd_column_responsive_enable=&#8220;dfd-column-responsive-enable&#8220; css=&#8220;.vc_custom_1757572911836{padding-right: 75px !important;}&#8220; col_shadow=&#8220;box_shadow_enable:disable|shadow_horizontal:0|shadow_vertical:15|shadow_blur:50|shadow_spread:0|box_shadow_color:rgba(0%2C0%2C0%2C.35)&#8220; col_shadow_hover=&#8220;box_shadow_enable:disable|shadow_horizontal:0|shadow_vertical:15|shadow_blur:50|shadow_spread:0|box_shadow_color:rgba(0%2C0%2C0%2C.35)&#8220; responsive_styles=&#8220;padding_right_mobile:20&#8243;]<div class=\"dfd-heading-shortcode\"><div class=\"dfd-heading-module-wrap  text-left style_01 dfd-heading-69d93f7775e13 dfd-disable-resposive-headings\" id=\"dfd-heading-69d93f7775e13\" ><div class=\"inline-block\"><div class=\"dfd-heading-module\"><h2 class=\"widget-title dfd-title \" style=\"\">Ankunft<\/h2><\/div><\/div><\/div><script type=\"text\/javascript\">\r\n\t\t\t\t\t\t\t\t\t(function($) {\r\n\t\t\t\t\t\t\t\t\t\t$(\"head\").append(\"<style>.dfd-heading-69d93f7775e13.dfd-heading-module-wrap .dfd-heading-module .dfd-heading-delimiter {margin-top:10px;margin-bottom:10px;}<\/style>\");\r\n\t\t\t\t\t\t\t\t\t})(jQuery);\r\n\t\t\t\t\t\t\t\t<\/script><\/div><div class=\"dfd-spacer-module\"  data-units=\"px\" data-wide_resolution=\"1280\" data-wide_size=\"20\" data-normal_resolution=\"1024\" data-normal_size=\"20\" data-tablet_resolution=\"800\" data-tablet_size=\"10\" data-mobile_resolution=\"480\" data-mobile_size=\"10\" style=\"height: 20px;\"><\/div>[vc_column_text css=&#8220;&#8220;]Der Check-in ist ab 16 Uhr m\u00f6glich.<\/p>\n<p>Wenn Sie fr\u00fcher ankommen, k\u00f6nnen Sie Ihr Fahrzeug kostenlos auf dem Parkplatz direkt vor der Herberge abstellen.<\/p>\n<p>Eine Ladestation f\u00fcr Elektroautos steht ebenfalls zur Verf\u00fcgung. Bitte wenden Sie sich f\u00fcr die Nutzung an die Rezeptionistin.<\/p>\n<p>Mittwochs und donnerstags ist die Herberge geschlossen. Der Zugang zu Ihrem Zimmer ist weiterhin m\u00f6glich, aber der Verpflegungsservice wird nicht angeboten.<\/p>\n<p>Bei sp\u00e4ter Ankunft (nach 21 Uhr) kontaktieren Sie uns bitte unter +41 27 787 11 50. Wir legen Ihren Schl\u00fcssel dann in den Code-Kasten und teilen Ihnen den Zugangscode mit.[\/vc_column_text]<div class=\"dfd-spacer-module\"  data-units=\"px\" data-wide_resolution=\"1280\" data-wide_size=\"\" data-normal_resolution=\"1024\" data-normal_size=\"\" data-tablet_resolution=\"800\" data-tablet_size=\"\" data-mobile_resolution=\"480\" data-mobile_size=\"40\" style=\"height: px;\"><\/div>[\/vc_column][vc_column width=&#8220;1\/2&#8243;]<div class=\"dfd-heading-shortcode\"><div class=\"dfd-heading-module-wrap  text-left style_01 dfd-heading-69d93f7775ec7 dfd-disable-resposive-headings\" id=\"dfd-heading-69d93f7775ec7\" ><div class=\"inline-block\"><div class=\"dfd-heading-module\"><h2 class=\"widget-title dfd-title \" style=\"\">Abfahrt<\/h2><\/div><\/div><\/div><script type=\"text\/javascript\">\r\n\t\t\t\t\t\t\t\t\t(function($) {\r\n\t\t\t\t\t\t\t\t\t\t$(\"head\").append(\"<style>.dfd-heading-69d93f7775ec7.dfd-heading-module-wrap .dfd-heading-module .dfd-heading-delimiter {margin-top:10px;margin-bottom:10px;}<\/style>\");\r\n\t\t\t\t\t\t\t\t\t})(jQuery);\r\n\t\t\t\t\t\t\t\t<\/script><\/div><div class=\"dfd-spacer-module\"  data-units=\"px\" data-wide_resolution=\"1280\" data-wide_size=\"20\" data-normal_resolution=\"1024\" data-normal_size=\"20\" data-tablet_resolution=\"800\" data-tablet_size=\"10\" data-mobile_resolution=\"480\" data-mobile_size=\"10\" style=\"height: 20px;\"><\/div>[vc_column_text css=&#8220;&#8220;]Die Zimmer m\u00fcssen sp\u00e4testens um 10:00 Uhr ger\u00e4umt sein.<\/p>\n<p>Sie k\u00f6nnen jedoch Ihr Gep\u00e4ck in Ihrem vor dem Haus geparkten Fahrzeug lassen und die Region weiter genie\u00dfen.<\/p>\n<p>Nehmen Sie sich Zeit, um sich im Hallenbad zu entspannen oder die umliegende Natur zu genie\u00dfen, bevor Sie sich je nach Ihrem Zeitplan wieder auf den Weg machen.[\/vc_column_text][\/vc_column][\/vc_row][vc_row dfd_row_config=&#8220;full_width_content&#8220;][vc_column]<div class=\"dfd-spacer-module\"  data-units=\"px\" data-wide_resolution=\"1280\" data-wide_size=\"100\" data-normal_resolution=\"1024\" data-normal_size=\"75\" data-tablet_resolution=\"800\" data-tablet_size=\"75\" data-mobile_resolution=\"480\" data-mobile_size=\"50\" style=\"height: 100px;\"><\/div>[\/vc_column][\/vc_row]<\/p>\n<\/div>","protected":false},"excerpt":{"rendered":"<p>[vc_row][vc_column][\/vc_column][\/vc_row][vc_row][vc_column width=&#8220;1\/2&#8243;][vc_column_text css=&#8220;&#8220;]Lassen Sie sich vom Team von Claudia und Ludovic verw\u00f6hnen und verbringen Sie erholsame Tage in Bourg-Saint-Pierre.[\/vc_column_text][\/vc_column][vc_column width=&#8220;1\/2&#8243;][\/vc_column][\/vc_row][vc_row][vc_column][\/vc_column][\/vc_row][vc_row][vc_column width=&#8220;1\/2&#8243; dfd_column_responsive_enable=&#8220;dfd-column-responsive-enable&#8220; css=&#8220;.vc_custom_1757403537016{padding-right: 75px !important;}&#8220; col_shadow=&#8220;box_shadow_enable:disable|shadow_horizontal:0|shadow_vertical:15|shadow_blur:50|shadow_spread:0|box_shadow_color:rgba(0%2C0%2C0%2C.35)&#8220; col_shadow_hover=&#8220;box_shadow_enable:disable|shadow_horizontal:0|shadow_vertical:15|shadow_blur:50|shadow_spread:0|box_shadow_color:rgba(0%2C0%2C0%2C.35)&#8220; responsive_styles=&#8220;padding_right_mobile:20&#8243;][vc_column_text css=&#8220;&#8220;]Alle Wege<\/p>\n","protected":false},"author":1,"featured_media":0,"parent":0,"menu_order":0,"comment_status":"closed","ping_status":"closed","template":"page-custom-with-header.php","meta":{"footnotes":""},"class_list":["post-265","page","type-page","status-publish","hentry"],"yoast_head":"<!-- This site is optimized with the Yoast SEO plugin v27.1.1 - https:\/\/yoast.com\/product\/yoast-seo-wordpress\/ -->\n<title>Kontakt - Auberge les Charmettes<\/title>\n<meta name=\"robots\" content=\"index, follow, max-snippet:-1, max-image-preview:large, max-video-preview:-1\" \/>\n<link rel=\"canonical\" href=\"https:\/\/aubergelescharmettes.ch\/de\/kontakt\/\" \/>\n<meta property=\"og:locale\" content=\"de_DE\" \/>\n<meta property=\"og:type\" content=\"article\" \/>\n<meta property=\"og:title\" content=\"Kontakt - Auberge les Charmettes\" \/>\n<meta property=\"og:description\" content=\"[vc_row][vc_column][\/vc_column][\/vc_row][vc_row][vc_column width=&#8220;1\/2&#8243;][vc_column_text css=&#8220;&#8220;]Lassen Sie sich vom Team von Claudia und Ludovic verw\u00f6hnen und verbringen Sie erholsame Tage in Bourg-Saint-Pierre.[\/vc_column_text][\/vc_column][vc_column width=&#8220;1\/2&#8243;][\/vc_column][\/vc_row][vc_row][vc_column][\/vc_column][\/vc_row][vc_row][vc_column width=&#8220;1\/2&#8243; dfd_column_responsive_enable=&#8220;dfd-column-responsive-enable&#8220; css=&#8220;.vc_custom_1757403537016{padding-right: 75px !important;}&#8220; col_shadow=&#8220;box_shadow_enable:disable|shadow_horizontal:0|shadow_vertical:15|shadow_blur:50|shadow_spread:0|box_shadow_color:rgba(0%2C0%2C0%2C.35)&#8220; col_shadow_hover=&#8220;box_shadow_enable:disable|shadow_horizontal:0|shadow_vertical:15|shadow_blur:50|shadow_spread:0|box_shadow_color:rgba(0%2C0%2C0%2C.35)&#8220; responsive_styles=&#8220;padding_right_mobile:20&#8243;][vc_column_text css=&#8220;&#8220;]Alle Wege\" \/>\n<meta property=\"og:url\" content=\"https:\/\/aubergelescharmettes.ch\/de\/kontakt\/\" \/>\n<meta property=\"og:site_name\" content=\"Auberge les Charmettes\" \/>\n<meta property=\"article:modified_time\" content=\"2025-09-22T08:58:49+00:00\" \/>\n<meta name=\"twitter:card\" content=\"summary_large_image\" \/>\n<meta name=\"twitter:label1\" content=\"Gesch\u00e4tzte Lesezeit\" \/>\n\t<meta name=\"twitter:data1\" content=\"7\u00a0Minuten\" \/>\n<script type=\"application\/ld+json\" class=\"yoast-schema-graph\">{\"@context\":\"https:\/\/schema.org\",\"@graph\":[{\"@type\":\"WebPage\",\"@id\":\"https:\/\/aubergelescharmettes.ch\/de\/kontakt\/\",\"url\":\"https:\/\/aubergelescharmettes.ch\/de\/kontakt\/\",\"name\":\"Kontakt - Auberge les Charmettes\",\"isPartOf\":{\"@id\":\"https:\/\/aubergelescharmettes.ch\/#website\"},\"datePublished\":\"2025-09-09T05:19:26+00:00\",\"dateModified\":\"2025-09-22T08:58:49+00:00\",\"breadcrumb\":{\"@id\":\"https:\/\/aubergelescharmettes.ch\/de\/kontakt\/#breadcrumb\"},\"inLanguage\":\"de\",\"potentialAction\":[{\"@type\":\"ReadAction\",\"target\":[\"https:\/\/aubergelescharmettes.ch\/de\/kontakt\/\"]}]},{\"@type\":\"BreadcrumbList\",\"@id\":\"https:\/\/aubergelescharmettes.ch\/de\/kontakt\/#breadcrumb\",\"itemListElement\":[{\"@type\":\"ListItem\",\"position\":1,\"name\":\"Accueil\",\"item\":\"https:\/\/aubergelescharmettes.ch\/de\/\"},{\"@type\":\"ListItem\",\"position\":2,\"name\":\"Kontakt\"}]},{\"@type\":\"WebSite\",\"@id\":\"https:\/\/aubergelescharmettes.ch\/#website\",\"url\":\"https:\/\/aubergelescharmettes.ch\/\",\"name\":\"Auberge les Charmettes\",\"description\":\"\",\"potentialAction\":[{\"@type\":\"SearchAction\",\"target\":{\"@type\":\"EntryPoint\",\"urlTemplate\":\"https:\/\/aubergelescharmettes.ch\/?s={search_term_string}\"},\"query-input\":{\"@type\":\"PropertyValueSpecification\",\"valueRequired\":true,\"valueName\":\"search_term_string\"}}],\"inLanguage\":\"de\"}]}<\/script>\n<!-- \/ Yoast SEO plugin. -->","yoast_head_json":{"title":"Kontakt - Auberge les Charmettes","robots":{"index":"index","follow":"follow","max-snippet":"max-snippet:-1","max-image-preview":"max-image-preview:large","max-video-preview":"max-video-preview:-1"},"canonical":"https:\/\/aubergelescharmettes.ch\/de\/kontakt\/","og_locale":"de_DE","og_type":"article","og_title":"Kontakt - Auberge les Charmettes","og_description":"[vc_row][vc_column][\/vc_column][\/vc_row][vc_row][vc_column width=&#8220;1\/2&#8243;][vc_column_text css=&#8220;&#8220;]Lassen Sie sich vom Team von Claudia und Ludovic verw\u00f6hnen und verbringen Sie erholsame Tage in Bourg-Saint-Pierre.[\/vc_column_text][\/vc_column][vc_column width=&#8220;1\/2&#8243;][\/vc_column][\/vc_row][vc_row][vc_column][\/vc_column][\/vc_row][vc_row][vc_column width=&#8220;1\/2&#8243; dfd_column_responsive_enable=&#8220;dfd-column-responsive-enable&#8220; css=&#8220;.vc_custom_1757403537016{padding-right: 75px !important;}&#8220; col_shadow=&#8220;box_shadow_enable:disable|shadow_horizontal:0|shadow_vertical:15|shadow_blur:50|shadow_spread:0|box_shadow_color:rgba(0%2C0%2C0%2C.35)&#8220; col_shadow_hover=&#8220;box_shadow_enable:disable|shadow_horizontal:0|shadow_vertical:15|shadow_blur:50|shadow_spread:0|box_shadow_color:rgba(0%2C0%2C0%2C.35)&#8220; responsive_styles=&#8220;padding_right_mobile:20&#8243;][vc_column_text css=&#8220;&#8220;]Alle Wege","og_url":"https:\/\/aubergelescharmettes.ch\/de\/kontakt\/","og_site_name":"Auberge les Charmettes","article_modified_time":"2025-09-22T08:58:49+00:00","twitter_card":"summary_large_image","twitter_misc":{"Gesch\u00e4tzte Lesezeit":"7\u00a0Minuten"},"schema":{"@context":"https:\/\/schema.org","@graph":[{"@type":"WebPage","@id":"https:\/\/aubergelescharmettes.ch\/de\/kontakt\/","url":"https:\/\/aubergelescharmettes.ch\/de\/kontakt\/","name":"Kontakt - Auberge les Charmettes","isPartOf":{"@id":"https:\/\/aubergelescharmettes.ch\/#website"},"datePublished":"2025-09-09T05:19:26+00:00","dateModified":"2025-09-22T08:58:49+00:00","breadcrumb":{"@id":"https:\/\/aubergelescharmettes.ch\/de\/kontakt\/#breadcrumb"},"inLanguage":"de","potentialAction":[{"@type":"ReadAction","target":["https:\/\/aubergelescharmettes.ch\/de\/kontakt\/"]}]},{"@type":"BreadcrumbList","@id":"https:\/\/aubergelescharmettes.ch\/de\/kontakt\/#breadcrumb","itemListElement":[{"@type":"ListItem","position":1,"name":"Accueil","item":"https:\/\/aubergelescharmettes.ch\/de\/"},{"@type":"ListItem","position":2,"name":"Kontakt"}]},{"@type":"WebSite","@id":"https:\/\/aubergelescharmettes.ch\/#website","url":"https:\/\/aubergelescharmettes.ch\/","name":"Auberge les Charmettes","description":"","potentialAction":[{"@type":"SearchAction","target":{"@type":"EntryPoint","urlTemplate":"https:\/\/aubergelescharmettes.ch\/?s={search_term_string}"},"query-input":{"@type":"PropertyValueSpecification","valueRequired":true,"valueName":"search_term_string"}}],"inLanguage":"de"}]}},"_links":{"self":[{"href":"https:\/\/aubergelescharmettes.ch\/de\/wp-json\/wp\/v2\/pages\/265","targetHints":{"allow":["GET"]}}],"collection":[{"href":"https:\/\/aubergelescharmettes.ch\/de\/wp-json\/wp\/v2\/pages"}],"about":[{"href":"https:\/\/aubergelescharmettes.ch\/de\/wp-json\/wp\/v2\/types\/page"}],"author":[{"embeddable":true,"href":"https:\/\/aubergelescharmettes.ch\/de\/wp-json\/wp\/v2\/users\/1"}],"replies":[{"embeddable":true,"href":"https:\/\/aubergelescharmettes.ch\/de\/wp-json\/wp\/v2\/comments?post=265"}],"version-history":[{"count":6,"href":"https:\/\/aubergelescharmettes.ch\/de\/wp-json\/wp\/v2\/pages\/265\/revisions"}],"predecessor-version":[{"id":312,"href":"https:\/\/aubergelescharmettes.ch\/de\/wp-json\/wp\/v2\/pages\/265\/revisions\/312"}],"wp:attachment":[{"href":"https:\/\/aubergelescharmettes.ch\/de\/wp-json\/wp\/v2\/media?parent=265"}],"curies":[{"name":"wp","href":"https:\/\/api.w.org\/{rel}","templated":true}]}}