{"id":224,"date":"2025-09-09T07:20:08","date_gmt":"2025-09-09T05:20:08","guid":{"rendered":"https:\/\/aubergelescharmettes.ch\/restaurant\/"},"modified":"2026-01-15T09:13:26","modified_gmt":"2026-01-15T08:13:26","slug":"restaurant","status":"publish","type":"page","link":"https:\/\/aubergelescharmettes.ch\/de\/restaurant\/","title":{"rendered":"Restaurant"},"content":{"rendered":"<div class=\"wpb-content-wrapper\"><p>[vc_row][vc_column]<div class=\"dfd-spacer-module\"  data-units=\"px\" data-wide_resolution=\"1280\" data-wide_size=\"100\" data-normal_resolution=\"1024\" data-normal_size=\"75\" data-tablet_resolution=\"800\" data-tablet_size=\"50\" data-mobile_resolution=\"480\" data-mobile_size=\"25\" style=\"height: 100px;\"><\/div>[\/vc_column][\/vc_row][vc_row][vc_column width=&#8220;1\/2&#8243; dfd_column_responsive_enable=&#8220;dfd-column-responsive-enable&#8220; css=&#8220;.vc_custom_1757409568564{padding-right: 75px !important;}&#8220; col_shadow=&#8220;box_shadow_enable:disable|shadow_horizontal:0|shadow_vertical:15|shadow_blur:50|shadow_spread:0|box_shadow_color:rgba(0%2C0%2C0%2C.35)&#8220; col_shadow_hover=&#8220;box_shadow_enable:disable|shadow_horizontal:0|shadow_vertical:15|shadow_blur:50|shadow_spread:0|box_shadow_color:rgba(0%2C0%2C0%2C.35)&#8220; responsive_styles=&#8220;padding_right_mobile:20&#8243;]<div class=\"dfd-heading-shortcode\"><div class=\"dfd-heading-module-wrap  text-left style_01 dfd-heading-69f667325bab6 dfd-disable-resposive-headings\" id=\"dfd-heading-69f667325bab6\" ><div class=\"inline-block\"><div class=\"dfd-heading-module\"><h2 class=\"widget-title dfd-title \" style=\"\">Lokale Spezialit\u00e4ten und Geselligkeit<\/h2><\/div><\/div><\/div><script type=\"text\/javascript\">\r\n\t\t\t\t\t\t\t\t\t(function($) {\r\n\t\t\t\t\t\t\t\t\t\t$(\"head\").append(\"<style>.dfd-heading-69f667325bab6.dfd-heading-module-wrap .dfd-heading-module .dfd-heading-delimiter {margin-top:10px;margin-bottom:10px;}<\/style>\");\r\n\t\t\t\t\t\t\t\t\t})(jQuery);\r\n\t\t\t\t\t\t\t\t<\/script><\/div><div class=\"dfd-spacer-module\"  data-units=\"px\" data-wide_resolution=\"1280\" data-wide_size=\"25\" data-normal_resolution=\"1024\" data-normal_size=\"25\" data-tablet_resolution=\"800\" data-tablet_size=\"15\" data-mobile_resolution=\"480\" data-mobile_size=\"15\" style=\"height: 25px;\"><\/div>[vc_column_text css=&#8220;&#8220;]Unser Restaurant bietet Ihnen eine einfache und authentische K\u00fcche mit hausgemachten Pizzen, Fondues und Walliser Spezialit\u00e4ten.<\/p>\n<p>Ein geselliger Ort, an dem regionale Produkte und eine herzliche Atmosph\u00e4re aufeinander treffen.<\/p>\n<p>Machen Sie es sich auf unserer sonnigen Terrasse bequem, genie\u00dfen Sie ein Eis oder ein erfrischendes Getr\u00e4nk und lassen Sie Ihre Gedanken schweifen.[\/vc_column_text]<div class=\"dfd-spacer-module\"  data-units=\"px\" data-wide_resolution=\"1280\" data-wide_size=\"25\" data-normal_resolution=\"1024\" data-normal_size=\"25\" data-tablet_resolution=\"800\" data-tablet_size=\"15\" data-mobile_resolution=\"480\" data-mobile_size=\"15\" style=\"height: 25px;\"><\/div><div id=\"dfd-icon-list-69f667325bbb2-6112\" class=\"dfd-icon-list-wrap  style-1  \" ><ul class=\"dfd-icon-list\"><li class=\"with-link\"><div class=\"dfd-list-content clearfix \" style=\"padding-bottom:5px;\"><div class=\"dfd-list-icon-block text-center\" style=\"margin-right:5px;color:#000000; font-size:25px; \"><i class = \"dfd-icon-download_2 dfd_icon_set-icon-download_2\"><\/i><\/div><div class=\"dfd-list-content-block content\">Pizzakarte (Freitagabend, Samstag und Sonntagmittag)<\/div><\/div><a href=\"https:\/\/aubergelescharmettes.ch\/wp-content\/uploads\/2026\/01\/pizza-vendredi-dimanche.pdf\"target=\"_blank\" class=\"item-link\"><\/a><\/li><li class=\"with-link\"><div class=\"dfd-list-content clearfix \" style=\"padding-bottom:5px;\"><div class=\"dfd-list-icon-block text-center\" style=\"margin-right:5px;color:#000000; font-size:25px; \"><i class = \"dfd-icon-download_2 dfd_icon_set-icon-download_2\"><\/i><\/div><div class=\"dfd-list-content-block content\">Speisekarte herunterladen (PDF)<\/p>\n<p><\/div><\/div><a href=\"https:\/\/aubergelescharmettes.ch\/wp-content\/uploads\/2026\/01\/carte-mets-2026-en-de-1.pdf\"target=\"_blank\" class=\"item-link\"><\/a><\/li><li class=\"with-link\"><div class=\"dfd-list-content clearfix \" style=\"padding-bottom:5px;\"><div class=\"dfd-list-icon-block text-center\" style=\"margin-right:5px;color:#000000; font-size:25px; \"><i class = \"dfd-icon-download_2 dfd_icon_set-icon-download_2\"><\/i><\/div><div class=\"dfd-list-content-block content\">Weinkarte herunterladen (PDF)<\/p>\n<p><\/div><\/div><a href=\"https:\/\/aubergelescharmettes.ch\/wp-content\/uploads\/2025\/09\/carte-vins.pdf\"target=\"_blank\" class=\"item-link\"><\/a><\/li><li class=\"with-link\"><div class=\"dfd-list-content clearfix \" style=\"padding-bottom:5px;\"><div class=\"dfd-list-icon-block text-center\" style=\"margin-right:5px;color:#000000; font-size:25px; \"><i class = \"dfd-icon-download_2 dfd_icon_set-icon-download_2\"><\/i><\/div><div class=\"dfd-list-content-block content\">Getr\u00e4nkekarte herunterladen (PDF)<\/p>\n<p><\/div><\/div><a href=\"https:\/\/aubergelescharmettes.ch\/wp-content\/uploads\/2025\/09\/carte-boissons.pdf\"target=\"_blank\" class=\"item-link\"><\/a><\/li><\/ul><\/div><script type=\"text\/javascript\">(function($) {$(\"head\").append(\"<style>#dfd-icon-list-69f667325bbb2-6112 .dfd-icon-list .content {style=&quot;&quot;}<\/style>\");})(jQuery);<\/script>[\/vc_column][vc_column width=&#8220;1\/2&#8243;]<div id=\"dfd-single-image-module69f667325c2b4-3937\" class=\"dfd-single-image-module  image-center \" ><img loading=\"lazy\" decoding=\"async\" src=\"https:\/\/aubergelescharmettes.ch\/wp-content\/uploads\/2025\/09\/restaurant-2.jpg\" width=\"800\" height=\"533\"  alt=\"Image module\" \/><script type=\"text\/javascript\">(function($) {$(\"head\").append(\"<style>#dfd-single-image-module69f667325c2b4-3937 {border-radius: 8px;}<\/style>\");})(jQuery);<\/script><\/div>[\/vc_column][\/vc_row][vc_row][vc_column]<div class=\"dfd-spacer-module\"  data-units=\"px\" data-wide_resolution=\"1280\" data-wide_size=\"100\" data-normal_resolution=\"1024\" data-normal_size=\"75\" data-tablet_resolution=\"800\" data-tablet_size=\"50\" data-mobile_resolution=\"480\" data-mobile_size=\"25\" style=\"height: 100px;\"><\/div>[\/vc_column][\/vc_row][vc_row][vc_column width=&#8220;1\/2&#8243; dfd_column_responsive_enable=&#8220;dfd-column-responsive-enable&#8220; css=&#8220;.vc_custom_1757406480739{padding-right: 75px !important;}&#8220; col_shadow=&#8220;box_shadow_enable:disable|shadow_horizontal:0|shadow_vertical:15|shadow_blur:50|shadow_spread:0|box_shadow_color:rgba(0%2C0%2C0%2C.35)&#8220; col_shadow_hover=&#8220;box_shadow_enable:disable|shadow_horizontal:0|shadow_vertical:15|shadow_blur:50|shadow_spread:0|box_shadow_color:rgba(0%2C0%2C0%2C.35)&#8220; responsive_styles=&#8220;padding_right_desktop:20&#8243;]<div class=\"dfd-heading-shortcode\"><div class=\"dfd-heading-module-wrap  text-left style_01 dfd-heading-69f667325c367 dfd-disable-resposive-headings\" id=\"dfd-heading-69f667325c367\" ><div class=\"inline-block\"><div class=\"dfd-heading-module\"><h2 class=\"widget-title dfd-title \" style=\"\">Ein gem\u00fctlicher Rahmen f\u00fcr jede Mahlzeit<\/h2><\/div><\/div><\/div><script type=\"text\/javascript\">\r\n\t\t\t\t\t\t\t\t\t(function($) {\r\n\t\t\t\t\t\t\t\t\t\t$(\"head\").append(\"<style>.dfd-heading-69f667325c367.dfd-heading-module-wrap .dfd-heading-module .dfd-heading-delimiter {margin-top:10px;margin-bottom:10px;}<\/style>\");\r\n\t\t\t\t\t\t\t\t\t})(jQuery);\r\n\t\t\t\t\t\t\t\t<\/script><\/div><div class=\"dfd-spacer-module\"  data-units=\"px\" data-wide_resolution=\"1280\" data-wide_size=\"25\" data-normal_resolution=\"1024\" data-normal_size=\"25\" data-tablet_resolution=\"800\" data-tablet_size=\"15\" data-mobile_resolution=\"480\" data-mobile_size=\"15\" style=\"height: 25px;\"><\/div>[vc_column_text css=&#8220;&#8220;]Vom Fr\u00fchst\u00fcck am Morgen bis zum Abendessen mit Freunden empf\u00e4ngt Sie unser Speisesaal in einer gem\u00fctlichen Atmosph\u00e4re.<\/p>\n<p>Die Bar ist von Freitag bis Dienstag von 8 Uhr morgens bis etwa 21 Uhr abends ge\u00f6ffnet.<\/p>\n<p>Im Restaurant werden Sie sowohl mittags als auch abends gerne bedient. Sie k\u00f6nnen ab 4 Uhr morgens fr\u00fchst\u00fccken. Ideal, wenn Sie Ausfl\u00fcge unternehmen.<\/p>\n<p>Das Restaurant ist mittwochs und donnerstags geschlossen.[\/vc_column_text]<div class=\"dfd-spacer-module\"  data-units=\"px\" data-wide_resolution=\"1280\" data-wide_size=\"25\" data-normal_resolution=\"1024\" data-normal_size=\"25\" data-tablet_resolution=\"800\" data-tablet_size=\"15\" data-mobile_resolution=\"480\" data-mobile_size=\"15\" style=\"height: 25px;\"><\/div>[\/vc_column][vc_column width=&#8220;1\/2&#8243;]<div id=\"dfd-single-image-module69f667325c880-2603\" class=\"dfd-single-image-module  image-center \" ><img loading=\"lazy\" decoding=\"async\" src=\"https:\/\/aubergelescharmettes.ch\/wp-content\/uploads\/2025\/09\/restaurant-1.jpg\" width=\"800\" height=\"533\"  alt=\"Image module\" \/><script type=\"text\/javascript\">(function($) {$(\"head\").append(\"<style>#dfd-single-image-module69f667325c880-2603 {border-radius: 8px;}<\/style>\");})(jQuery);<\/script><\/div>[\/vc_column][\/vc_row][vc_row][vc_column]<div class=\"dfd-spacer-module\"  data-units=\"px\" data-wide_resolution=\"1280\" data-wide_size=\"100\" data-normal_resolution=\"1024\" data-normal_size=\"75\" data-tablet_resolution=\"800\" data-tablet_size=\"50\" data-mobile_resolution=\"480\" data-mobile_size=\"25\" style=\"height: 100px;\"><\/div>[\/vc_column][\/vc_row]<\/p>\n<\/div>","protected":false},"excerpt":{"rendered":"<p>[vc_row][vc_column][\/vc_column][\/vc_row][vc_row][vc_column width=&#8220;1\/2&#8243; dfd_column_responsive_enable=&#8220;dfd-column-responsive-enable&#8220; css=&#8220;.vc_custom_1757409568564{padding-right: 75px !important;}&#8220; col_shadow=&#8220;box_shadow_enable:disable|shadow_horizontal:0|shadow_vertical:15|shadow_blur:50|shadow_spread:0|box_shadow_color:rgba(0%2C0%2C0%2C.35)&#8220; col_shadow_hover=&#8220;box_shadow_enable:disable|shadow_horizontal:0|shadow_vertical:15|shadow_blur:50|shadow_spread:0|box_shadow_color:rgba(0%2C0%2C0%2C.35)&#8220; responsive_styles=&#8220;padding_right_mobile:20&#8243;][vc_column_text css=&#8220;&#8220;]Unser Restaurant bietet Ihnen eine einfache und authentische K\u00fcche mit hausgemachten Pizzen, Fondues und Walliser Spezialit\u00e4ten. Ein geselliger Ort, an dem<\/p>\n","protected":false},"author":1,"featured_media":411,"parent":0,"menu_order":0,"comment_status":"closed","ping_status":"closed","template":"page-custom-with-header.php","meta":{"footnotes":""},"class_list":["post-224","page","type-page","status-publish","has-post-thumbnail","hentry"],"yoast_head":"<!-- This site is optimized with the Yoast SEO plugin v27.4 - https:\/\/yoast.com\/product\/yoast-seo-wordpress\/ -->\n<title>Restaurant - Auberge les Charmettes<\/title>\n<meta name=\"robots\" content=\"index, follow, max-snippet:-1, max-image-preview:large, max-video-preview:-1\" \/>\n<link rel=\"canonical\" href=\"https:\/\/aubergelescharmettes.ch\/de\/restaurant\/\" \/>\n<meta property=\"og:locale\" content=\"de_DE\" \/>\n<meta property=\"og:type\" content=\"article\" \/>\n<meta property=\"og:title\" content=\"Restaurant - Auberge les Charmettes\" \/>\n<meta property=\"og:description\" content=\"[vc_row][vc_column][\/vc_column][\/vc_row][vc_row][vc_column width=&#8220;1\/2&#8243; dfd_column_responsive_enable=&#8220;dfd-column-responsive-enable&#8220; css=&#8220;.vc_custom_1757409568564{padding-right: 75px !important;}&#8220; col_shadow=&#8220;box_shadow_enable:disable|shadow_horizontal:0|shadow_vertical:15|shadow_blur:50|shadow_spread:0|box_shadow_color:rgba(0%2C0%2C0%2C.35)&#8220; col_shadow_hover=&#8220;box_shadow_enable:disable|shadow_horizontal:0|shadow_vertical:15|shadow_blur:50|shadow_spread:0|box_shadow_color:rgba(0%2C0%2C0%2C.35)&#8220; responsive_styles=&#8220;padding_right_mobile:20&#8243;][vc_column_text css=&#8220;&#8220;]Unser Restaurant bietet Ihnen eine einfache und authentische K\u00fcche mit hausgemachten Pizzen, Fondues und Walliser Spezialit\u00e4ten. Ein geselliger Ort, an dem\" \/>\n<meta property=\"og:url\" content=\"https:\/\/aubergelescharmettes.ch\/de\/restaurant\/\" \/>\n<meta property=\"og:site_name\" content=\"Auberge les Charmettes\" \/>\n<meta property=\"article:modified_time\" content=\"2026-01-15T08:13:26+00:00\" \/>\n<meta name=\"twitter:card\" content=\"summary_large_image\" \/>\n<meta name=\"twitter:label1\" content=\"Gesch\u00e4tzte Lesezeit\" \/>\n\t<meta name=\"twitter:data1\" content=\"2\u00a0Minuten\" \/>\n<script type=\"application\/ld+json\" class=\"yoast-schema-graph\">{\"@context\":\"https:\\\/\\\/schema.org\",\"@graph\":[{\"@type\":\"WebPage\",\"@id\":\"https:\\\/\\\/aubergelescharmettes.ch\\\/de\\\/restaurant\\\/\",\"url\":\"https:\\\/\\\/aubergelescharmettes.ch\\\/de\\\/restaurant\\\/\",\"name\":\"Restaurant - Auberge les Charmettes\",\"isPartOf\":{\"@id\":\"https:\\\/\\\/aubergelescharmettes.ch\\\/#website\"},\"primaryImageOfPage\":{\"@id\":\"https:\\\/\\\/aubergelescharmettes.ch\\\/de\\\/restaurant\\\/#primaryimage\"},\"image\":{\"@id\":\"https:\\\/\\\/aubergelescharmettes.ch\\\/de\\\/restaurant\\\/#primaryimage\"},\"thumbnailUrl\":\"https:\\\/\\\/aubergelescharmettes.ch\\\/wp-content\\\/uploads\\\/2026\\\/01\\\/charmettes.jpg\",\"datePublished\":\"2025-09-09T05:20:08+00:00\",\"dateModified\":\"2026-01-15T08:13:26+00:00\",\"breadcrumb\":{\"@id\":\"https:\\\/\\\/aubergelescharmettes.ch\\\/de\\\/restaurant\\\/#breadcrumb\"},\"inLanguage\":\"de\",\"potentialAction\":[{\"@type\":\"ReadAction\",\"target\":[\"https:\\\/\\\/aubergelescharmettes.ch\\\/de\\\/restaurant\\\/\"]}]},{\"@type\":\"ImageObject\",\"inLanguage\":\"de\",\"@id\":\"https:\\\/\\\/aubergelescharmettes.ch\\\/de\\\/restaurant\\\/#primaryimage\",\"url\":\"https:\\\/\\\/aubergelescharmettes.ch\\\/wp-content\\\/uploads\\\/2026\\\/01\\\/charmettes.jpg\",\"contentUrl\":\"https:\\\/\\\/aubergelescharmettes.ch\\\/wp-content\\\/uploads\\\/2026\\\/01\\\/charmettes.jpg\",\"width\":382,\"height\":510},{\"@type\":\"BreadcrumbList\",\"@id\":\"https:\\\/\\\/aubergelescharmettes.ch\\\/de\\\/restaurant\\\/#breadcrumb\",\"itemListElement\":[{\"@type\":\"ListItem\",\"position\":1,\"name\":\"Accueil\",\"item\":\"https:\\\/\\\/aubergelescharmettes.ch\\\/de\\\/\"},{\"@type\":\"ListItem\",\"position\":2,\"name\":\"Restaurant\"}]},{\"@type\":\"WebSite\",\"@id\":\"https:\\\/\\\/aubergelescharmettes.ch\\\/#website\",\"url\":\"https:\\\/\\\/aubergelescharmettes.ch\\\/\",\"name\":\"Auberge les Charmettes\",\"description\":\"\",\"potentialAction\":[{\"@type\":\"SearchAction\",\"target\":{\"@type\":\"EntryPoint\",\"urlTemplate\":\"https:\\\/\\\/aubergelescharmettes.ch\\\/?s={search_term_string}\"},\"query-input\":{\"@type\":\"PropertyValueSpecification\",\"valueRequired\":true,\"valueName\":\"search_term_string\"}}],\"inLanguage\":\"de\"}]}<\/script>\n<!-- \/ Yoast SEO plugin. -->","yoast_head_json":{"title":"Restaurant - Auberge les Charmettes","robots":{"index":"index","follow":"follow","max-snippet":"max-snippet:-1","max-image-preview":"max-image-preview:large","max-video-preview":"max-video-preview:-1"},"canonical":"https:\/\/aubergelescharmettes.ch\/de\/restaurant\/","og_locale":"de_DE","og_type":"article","og_title":"Restaurant - Auberge les Charmettes","og_description":"[vc_row][vc_column][\/vc_column][\/vc_row][vc_row][vc_column width=&#8220;1\/2&#8243; dfd_column_responsive_enable=&#8220;dfd-column-responsive-enable&#8220; css=&#8220;.vc_custom_1757409568564{padding-right: 75px !important;}&#8220; col_shadow=&#8220;box_shadow_enable:disable|shadow_horizontal:0|shadow_vertical:15|shadow_blur:50|shadow_spread:0|box_shadow_color:rgba(0%2C0%2C0%2C.35)&#8220; col_shadow_hover=&#8220;box_shadow_enable:disable|shadow_horizontal:0|shadow_vertical:15|shadow_blur:50|shadow_spread:0|box_shadow_color:rgba(0%2C0%2C0%2C.35)&#8220; responsive_styles=&#8220;padding_right_mobile:20&#8243;][vc_column_text css=&#8220;&#8220;]Unser Restaurant bietet Ihnen eine einfache und authentische K\u00fcche mit hausgemachten Pizzen, Fondues und Walliser Spezialit\u00e4ten. Ein geselliger Ort, an dem","og_url":"https:\/\/aubergelescharmettes.ch\/de\/restaurant\/","og_site_name":"Auberge les Charmettes","article_modified_time":"2026-01-15T08:13:26+00:00","twitter_card":"summary_large_image","twitter_misc":{"Gesch\u00e4tzte Lesezeit":"2\u00a0Minuten"},"schema":{"@context":"https:\/\/schema.org","@graph":[{"@type":"WebPage","@id":"https:\/\/aubergelescharmettes.ch\/de\/restaurant\/","url":"https:\/\/aubergelescharmettes.ch\/de\/restaurant\/","name":"Restaurant - Auberge les Charmettes","isPartOf":{"@id":"https:\/\/aubergelescharmettes.ch\/#website"},"primaryImageOfPage":{"@id":"https:\/\/aubergelescharmettes.ch\/de\/restaurant\/#primaryimage"},"image":{"@id":"https:\/\/aubergelescharmettes.ch\/de\/restaurant\/#primaryimage"},"thumbnailUrl":"https:\/\/aubergelescharmettes.ch\/wp-content\/uploads\/2026\/01\/charmettes.jpg","datePublished":"2025-09-09T05:20:08+00:00","dateModified":"2026-01-15T08:13:26+00:00","breadcrumb":{"@id":"https:\/\/aubergelescharmettes.ch\/de\/restaurant\/#breadcrumb"},"inLanguage":"de","potentialAction":[{"@type":"ReadAction","target":["https:\/\/aubergelescharmettes.ch\/de\/restaurant\/"]}]},{"@type":"ImageObject","inLanguage":"de","@id":"https:\/\/aubergelescharmettes.ch\/de\/restaurant\/#primaryimage","url":"https:\/\/aubergelescharmettes.ch\/wp-content\/uploads\/2026\/01\/charmettes.jpg","contentUrl":"https:\/\/aubergelescharmettes.ch\/wp-content\/uploads\/2026\/01\/charmettes.jpg","width":382,"height":510},{"@type":"BreadcrumbList","@id":"https:\/\/aubergelescharmettes.ch\/de\/restaurant\/#breadcrumb","itemListElement":[{"@type":"ListItem","position":1,"name":"Accueil","item":"https:\/\/aubergelescharmettes.ch\/de\/"},{"@type":"ListItem","position":2,"name":"Restaurant"}]},{"@type":"WebSite","@id":"https:\/\/aubergelescharmettes.ch\/#website","url":"https:\/\/aubergelescharmettes.ch\/","name":"Auberge les Charmettes","description":"","potentialAction":[{"@type":"SearchAction","target":{"@type":"EntryPoint","urlTemplate":"https:\/\/aubergelescharmettes.ch\/?s={search_term_string}"},"query-input":{"@type":"PropertyValueSpecification","valueRequired":true,"valueName":"search_term_string"}}],"inLanguage":"de"}]}},"_links":{"self":[{"href":"https:\/\/aubergelescharmettes.ch\/de\/wp-json\/wp\/v2\/pages\/224","targetHints":{"allow":["GET"]}}],"collection":[{"href":"https:\/\/aubergelescharmettes.ch\/de\/wp-json\/wp\/v2\/pages"}],"about":[{"href":"https:\/\/aubergelescharmettes.ch\/de\/wp-json\/wp\/v2\/types\/page"}],"author":[{"embeddable":true,"href":"https:\/\/aubergelescharmettes.ch\/de\/wp-json\/wp\/v2\/users\/1"}],"replies":[{"embeddable":true,"href":"https:\/\/aubergelescharmettes.ch\/de\/wp-json\/wp\/v2\/comments?post=224"}],"version-history":[{"count":4,"href":"https:\/\/aubergelescharmettes.ch\/de\/wp-json\/wp\/v2\/pages\/224\/revisions"}],"predecessor-version":[{"id":367,"href":"https:\/\/aubergelescharmettes.ch\/de\/wp-json\/wp\/v2\/pages\/224\/revisions\/367"}],"wp:featuredmedia":[{"embeddable":true,"href":"https:\/\/aubergelescharmettes.ch\/de\/wp-json\/wp\/v2\/media\/411"}],"wp:attachment":[{"href":"https:\/\/aubergelescharmettes.ch\/de\/wp-json\/wp\/v2\/media?parent=224"}],"curies":[{"name":"wp","href":"https:\/\/api.w.org\/{rel}","templated":true}]}}