{"id":209,"date":"2025-09-09T07:19:50","date_gmt":"2025-09-09T05:19:50","guid":{"rendered":"https:\/\/aubergelescharmettes.ch\/gasthaus\/"},"modified":"2025-09-17T13:47:26","modified_gmt":"2025-09-17T11:47:26","slug":"gasthaus","status":"publish","type":"page","link":"https:\/\/aubergelescharmettes.ch\/de\/gasthaus\/","title":{"rendered":"Gasthaus"},"content":{"rendered":"<div class=\"wpb-content-wrapper\"><p>[vc_row][vc_column]<div class=\"dfd-spacer-module\"  data-units=\"px\" data-wide_resolution=\"1280\" data-wide_size=\"100\" data-normal_resolution=\"1024\" data-normal_size=\"75\" data-tablet_resolution=\"800\" data-tablet_size=\"50\" data-mobile_resolution=\"480\" data-mobile_size=\"25\" style=\"height: 100px;\"><\/div>[\/vc_column][\/vc_row][vc_row][vc_column width=&#8220;1\/2&#8243; dfd_column_responsive_enable=&#8220;dfd-column-responsive-enable&#8220; css=&#8220;.vc_custom_1757405973931{padding-right: 75px !important;}&#8220; col_shadow=&#8220;box_shadow_enable:disable|shadow_horizontal:0|shadow_vertical:15|shadow_blur:50|shadow_spread:0|box_shadow_color:rgba(0%2C0%2C0%2C.35)&#8220; col_shadow_hover=&#8220;box_shadow_enable:disable|shadow_horizontal:0|shadow_vertical:15|shadow_blur:50|shadow_spread:0|box_shadow_color:rgba(0%2C0%2C0%2C.35)&#8220; responsive_styles=&#8220;padding_right_mobile:20&#8243;]<div class=\"dfd-heading-shortcode\"><div class=\"dfd-heading-module-wrap  text-left style_01 dfd-heading-69d978da6a4b3 dfd-disable-resposive-headings\" id=\"dfd-heading-69d978da6a4b3\" ><div class=\"inline-block\"><div class=\"dfd-heading-module\"><h2 class=\"widget-title dfd-title \" style=\"\">Ein familiengef\u00fchrtes Gasthaus im Herzen der Alpen<\/h2><\/div><\/div><\/div><script type=\"text\/javascript\">\r\n\t\t\t\t\t\t\t\t\t(function($) {\r\n\t\t\t\t\t\t\t\t\t\t$(\"head\").append(\"<style>.dfd-heading-69d978da6a4b3.dfd-heading-module-wrap .dfd-heading-module .dfd-heading-delimiter {margin-top:10px;margin-bottom:10px;}<\/style>\");\r\n\t\t\t\t\t\t\t\t\t})(jQuery);\r\n\t\t\t\t\t\t\t\t<\/script><\/div><div class=\"dfd-spacer-module\"  data-units=\"px\" data-wide_resolution=\"1280\" data-wide_size=\"25\" data-normal_resolution=\"1024\" data-normal_size=\"25\" data-tablet_resolution=\"800\" data-tablet_size=\"15\" data-mobile_resolution=\"480\" data-mobile_size=\"15\" style=\"height: 25px;\"><\/div>[vc_column_text css=&#8220;&#8220;]Seit \u00fcber 50 Jahren empf\u00e4ngt die Auberge les Charmettes Reisende und Wanderer in Bourg-Saint-Pierre.<\/p>\n<p>Sie wurde von Ludovic und Claudia Tornare sorgf\u00e4ltig renoviert und verbindet Tradition, modernen Komfort und herzliche Gastfreundschaft.[\/vc_column_text]<div class=\"dfd-spacer-module\"  data-units=\"px\" data-wide_resolution=\"1280\" data-wide_size=\"25\" data-normal_resolution=\"1024\" data-normal_size=\"25\" data-tablet_resolution=\"800\" data-tablet_size=\"15\" data-mobile_resolution=\"480\" data-mobile_size=\"15\" style=\"height: 25px;\"><\/div><div id=\"dfd-button-gradient69d978da6a591-8538\" class=\"dfd-button-gradient-module-wrap\"><div class=\"dfd-button-module  style-2 normal text-left\" ><a href=\"https:\/\/s005761.officialbookings.com\/\" target=\"_blank\"  class=\"dfd-button-link  dfd-fade\"><span class=\"dfd-button-inner-cover\"><span class=\"dfd-button-text-main\" style=\"\">Buchen<\/span><span class=\"dfd-button-border\"><\/span><\/span><\/a><\/div><\/div><div class=\"dfd-spacer-module\"  data-units=\"px\" data-wide_resolution=\"1280\" data-wide_size=\"0\" data-normal_resolution=\"1024\" data-normal_size=\"0\" data-tablet_resolution=\"800\" data-tablet_size=\"0\" data-mobile_resolution=\"480\" data-mobile_size=\"30\" style=\"height: 0px;\"><\/div>[\/vc_column][vc_column width=&#8220;1\/2&#8243;]<div id=\"dfd-single-image-module69d978da6a9f5-3921\" class=\"dfd-single-image-module  image-center \" ><img loading=\"lazy\" decoding=\"async\" src=\"https:\/\/aubergelescharmettes.ch\/wp-content\/uploads\/2025\/09\/auberge-800.jpg\" width=\"800\" height=\"531\"  alt=\"Image module\" \/><script type=\"text\/javascript\">(function($) {$(\"head\").append(\"<style>#dfd-single-image-module69d978da6a9f5-3921 {border-radius: 8px;}<\/style>\");})(jQuery);<\/script><\/div>[\/vc_column][\/vc_row][vc_row][vc_column]<div class=\"dfd-spacer-module\"  data-units=\"px\" data-wide_resolution=\"1280\" data-wide_size=\"100\" data-normal_resolution=\"1024\" data-normal_size=\"75\" data-tablet_resolution=\"800\" data-tablet_size=\"50\" data-mobile_resolution=\"480\" data-mobile_size=\"25\" style=\"height: 100px;\"><\/div>[\/vc_column][\/vc_row][vc_row][vc_column width=&#8220;1\/2&#8243; dfd_column_responsive_enable=&#8220;dfd-column-responsive-enable&#8220; css=&#8220;.vc_custom_1757405989596{padding-right: 75px !important;}&#8220; col_shadow=&#8220;box_shadow_enable:disable|shadow_horizontal:0|shadow_vertical:15|shadow_blur:50|shadow_spread:0|box_shadow_color:rgba(0%2C0%2C0%2C.35)&#8220; col_shadow_hover=&#8220;box_shadow_enable:disable|shadow_horizontal:0|shadow_vertical:15|shadow_blur:50|shadow_spread:0|box_shadow_color:rgba(0%2C0%2C0%2C.35)&#8220; responsive_styles=&#8220;padding_right_mobile:20&#8243;]<div class=\"dfd-heading-shortcode\"><div class=\"dfd-heading-module-wrap  text-left style_01 dfd-heading-69d978da6aa5a dfd-disable-resposive-headings\" id=\"dfd-heading-69d978da6aa5a\" ><div class=\"inline-block\"><div class=\"dfd-heading-module\"><h2 class=\"widget-title dfd-title \" style=\"\">Ruhe, Komfort und Authentizit\u00e4t<\/h2><\/div><\/div><\/div><script type=\"text\/javascript\">\r\n\t\t\t\t\t\t\t\t\t(function($) {\r\n\t\t\t\t\t\t\t\t\t\t$(\"head\").append(\"<style>.dfd-heading-69d978da6aa5a.dfd-heading-module-wrap .dfd-heading-module .dfd-heading-delimiter {margin-top:10px;margin-bottom:10px;}<\/style>\");\r\n\t\t\t\t\t\t\t\t\t})(jQuery);\r\n\t\t\t\t\t\t\t\t<\/script><\/div><div class=\"dfd-spacer-module\"  data-units=\"px\" data-wide_resolution=\"1280\" data-wide_size=\"25\" data-normal_resolution=\"1024\" data-normal_size=\"25\" data-tablet_resolution=\"800\" data-tablet_size=\"15\" data-mobile_resolution=\"480\" data-mobile_size=\"15\" style=\"height: 25px;\"><\/div>[vc_column_text css=&#8220;&#8220;]Das Gasthaus liegt am Ortseingang und bietet renovierte Zimmer, eine ruhige Atmosph\u00e4re und eine schmackhafte lokale K\u00fcche.<\/p>\n<p>Hier verbinden sich Entspannung, Natur und Geselligkeit zu einem unvergesslichen Aufenthalt.[\/vc_column_text]<div class=\"dfd-spacer-module\"  data-units=\"px\" data-wide_resolution=\"1280\" data-wide_size=\"25\" data-normal_resolution=\"1024\" data-normal_size=\"25\" data-tablet_resolution=\"800\" data-tablet_size=\"15\" data-mobile_resolution=\"480\" data-mobile_size=\"15\" style=\"height: 25px;\"><\/div>[\/vc_column][vc_column width=&#8220;1\/2&#8243;]<div id=\"dfd-single-image-module69d978da6ae6a-1609\" class=\"dfd-single-image-module  image-center \" ><img loading=\"lazy\" decoding=\"async\" src=\"https:\/\/aubergelescharmettes.ch\/wp-content\/uploads\/2025\/09\/chambre-verte.jpg\" width=\"800\" height=\"533\"  alt=\"Image module\" \/><script type=\"text\/javascript\">(function($) {$(\"head\").append(\"<style>#dfd-single-image-module69d978da6ae6a-1609 {border-radius: 8px;}<\/style>\");})(jQuery);<\/script><\/div>[\/vc_column][\/vc_row][vc_row][vc_column]<div class=\"dfd-spacer-module\"  data-units=\"px\" data-wide_resolution=\"1280\" data-wide_size=\"100\" data-normal_resolution=\"1024\" data-normal_size=\"75\" data-tablet_resolution=\"800\" data-tablet_size=\"50\" data-mobile_resolution=\"480\" data-mobile_size=\"25\" style=\"height: 100px;\"><\/div>[\/vc_column][\/vc_row][vc_row][vc_column width=&#8220;1\/2&#8243; dfd_column_responsive_enable=&#8220;dfd-column-responsive-enable&#8220; css=&#8220;.vc_custom_1757405989596{padding-right: 75px !important;}&#8220; col_shadow=&#8220;box_shadow_enable:disable|shadow_horizontal:0|shadow_vertical:15|shadow_blur:50|shadow_spread:0|box_shadow_color:rgba(0%2C0%2C0%2C.35)&#8220; col_shadow_hover=&#8220;box_shadow_enable:disable|shadow_horizontal:0|shadow_vertical:15|shadow_blur:50|shadow_spread:0|box_shadow_color:rgba(0%2C0%2C0%2C.35)&#8220; responsive_styles=&#8220;padding_right_mobile:20&#8243;]<div class=\"dfd-heading-shortcode\"><div class=\"dfd-heading-module-wrap  text-left style_01 dfd-heading-69d978da6aec2 dfd-disable-resposive-headings\" id=\"dfd-heading-69d978da6aec2\" ><div class=\"inline-block\"><div class=\"dfd-heading-module\"><h2 class=\"widget-title dfd-title \" style=\"\">Reflexzonenmassage im Gasthaus<\/h2><\/div><\/div><\/div><script type=\"text\/javascript\">\r\n\t\t\t\t\t\t\t\t\t(function($) {\r\n\t\t\t\t\t\t\t\t\t\t$(\"head\").append(\"<style>.dfd-heading-69d978da6aec2.dfd-heading-module-wrap .dfd-heading-module .dfd-heading-delimiter {margin-top:10px;margin-bottom:10px;}<\/style>\");\r\n\t\t\t\t\t\t\t\t\t})(jQuery);\r\n\t\t\t\t\t\t\t\t<\/script><\/div><div class=\"dfd-spacer-module\"  data-units=\"px\" data-wide_resolution=\"1280\" data-wide_size=\"25\" data-normal_resolution=\"1024\" data-normal_size=\"25\" data-tablet_resolution=\"800\" data-tablet_size=\"15\" data-mobile_resolution=\"480\" data-mobile_size=\"15\" style=\"height: 25px;\"><\/div>[vc_column_text css=&#8220;&#8220;]G\u00f6nnen Sie sich einen Moment der Entspannung und Ausgeglichenheit dank der Fu\u00dfreflexzonenmassage.<\/p>\n<p>Diese von A. Audrey Dettwiler praktizierte sanfte Technik stimuliert Reflexzonen unter den F\u00fc\u00dfen, die mit dem gesamten K\u00f6rper in Verbindung stehen. Sie hilft, Verspannungen zu l\u00f6sen, die Durchblutung zu f\u00f6rdern, die Energie zu harmonisieren und das allgemeine Wohlbefinden zu unterst\u00fctzen.<\/p>\n<p>Ob Sie nun in der Herberge \u00fcbernachten oder nur auf der Durchreise sind, nehmen Sie sich die Zeit f\u00fcr diese erholsame Auszeit.<\/p>\n<p><a href=\"https:\/\/www.audreydw.ch\/\" target=\"_blank\" rel=\"noopener\">Mehr erfahren &gt;<\/a>[\/vc_column_text]<div class=\"dfd-spacer-module\"  data-units=\"px\" data-wide_resolution=\"1280\" data-wide_size=\"25\" data-normal_resolution=\"1024\" data-normal_size=\"25\" data-tablet_resolution=\"800\" data-tablet_size=\"15\" data-mobile_resolution=\"480\" data-mobile_size=\"15\" style=\"height: 25px;\"><\/div>[\/vc_column][vc_column width=&#8220;1\/2&#8243;]<div id=\"dfd-single-image-module69d978da6b241-689\" class=\"dfd-single-image-module  image-center \" ><img loading=\"lazy\" decoding=\"async\" src=\"https:\/\/aubergelescharmettes.ch\/wp-content\/uploads\/2025\/09\/reflexologie.jpg\" width=\"800\" height=\"533\"  alt=\"Image module\" \/><script type=\"text\/javascript\">(function($) {$(\"head\").append(\"<style>#dfd-single-image-module69d978da6b241-689 {border-radius: 8px;}<\/style>\");})(jQuery);<\/script><\/div>[\/vc_column][\/vc_row][vc_row][vc_column]<div class=\"dfd-spacer-module\"  data-units=\"px\" data-wide_resolution=\"1280\" data-wide_size=\"100\" data-normal_resolution=\"1024\" data-normal_size=\"75\" data-tablet_resolution=\"800\" data-tablet_size=\"50\" data-mobile_resolution=\"480\" data-mobile_size=\"25\" style=\"height: 100px;\"><\/div>[\/vc_column][\/vc_row]<\/p>\n<\/div>","protected":false},"excerpt":{"rendered":"<p>[vc_row][vc_column][\/vc_column][\/vc_row][vc_row][vc_column width=&#8220;1\/2&#8243; dfd_column_responsive_enable=&#8220;dfd-column-responsive-enable&#8220; css=&#8220;.vc_custom_1757405973931{padding-right: 75px !important;}&#8220; col_shadow=&#8220;box_shadow_enable:disable|shadow_horizontal:0|shadow_vertical:15|shadow_blur:50|shadow_spread:0|box_shadow_color:rgba(0%2C0%2C0%2C.35)&#8220; col_shadow_hover=&#8220;box_shadow_enable:disable|shadow_horizontal:0|shadow_vertical:15|shadow_blur:50|shadow_spread:0|box_shadow_color:rgba(0%2C0%2C0%2C.35)&#8220; responsive_styles=&#8220;padding_right_mobile:20&#8243;][vc_column_text css=&#8220;&#8220;]Seit \u00fcber 50 Jahren empf\u00e4ngt die Auberge les Charmettes Reisende und Wanderer in Bourg-Saint-Pierre. Sie wurde von Ludovic und Claudia Tornare<\/p>\n","protected":false},"author":1,"featured_media":0,"parent":0,"menu_order":0,"comment_status":"closed","ping_status":"closed","template":"page-custom-with-header.php","meta":{"footnotes":""},"class_list":["post-209","page","type-page","status-publish","hentry"],"yoast_head":"<!-- This site is optimized with the Yoast SEO plugin v27.1.1 - https:\/\/yoast.com\/product\/yoast-seo-wordpress\/ -->\n<title>Gasthaus - Auberge les Charmettes<\/title>\n<meta name=\"robots\" content=\"index, follow, max-snippet:-1, max-image-preview:large, max-video-preview:-1\" \/>\n<link rel=\"canonical\" href=\"https:\/\/aubergelescharmettes.ch\/auberge\/\" \/>\n<meta property=\"og:locale\" content=\"de_DE\" \/>\n<meta property=\"og:type\" content=\"article\" \/>\n<meta property=\"og:title\" content=\"Gasthaus - Auberge les Charmettes\" \/>\n<meta property=\"og:description\" content=\"[vc_row][vc_column][\/vc_column][\/vc_row][vc_row][vc_column width=&#8220;1\/2&#8243; dfd_column_responsive_enable=&#8220;dfd-column-responsive-enable&#8220; css=&#8220;.vc_custom_1757405973931{padding-right: 75px !important;}&#8220; col_shadow=&#8220;box_shadow_enable:disable|shadow_horizontal:0|shadow_vertical:15|shadow_blur:50|shadow_spread:0|box_shadow_color:rgba(0%2C0%2C0%2C.35)&#8220; col_shadow_hover=&#8220;box_shadow_enable:disable|shadow_horizontal:0|shadow_vertical:15|shadow_blur:50|shadow_spread:0|box_shadow_color:rgba(0%2C0%2C0%2C.35)&#8220; responsive_styles=&#8220;padding_right_mobile:20&#8243;][vc_column_text css=&#8220;&#8220;]Seit \u00fcber 50 Jahren empf\u00e4ngt die Auberge les Charmettes Reisende und Wanderer in Bourg-Saint-Pierre. Sie wurde von Ludovic und Claudia Tornare\" \/>\n<meta property=\"og:url\" content=\"https:\/\/aubergelescharmettes.ch\/auberge\/\" \/>\n<meta property=\"og:site_name\" content=\"Auberge les Charmettes\" \/>\n<meta property=\"article:modified_time\" content=\"2025-09-17T11:47:26+00:00\" \/>\n<meta name=\"twitter:card\" content=\"summary_large_image\" \/>\n<meta name=\"twitter:label1\" content=\"Gesch\u00e4tzte Lesezeit\" \/>\n\t<meta name=\"twitter:data1\" content=\"5\u00a0Minuten\" \/>\n<script type=\"application\/ld+json\" class=\"yoast-schema-graph\">{\"@context\":\"https:\/\/schema.org\",\"@graph\":[{\"@type\":\"WebPage\",\"@id\":\"https:\/\/aubergelescharmettes.ch\/auberge\/\",\"url\":\"https:\/\/aubergelescharmettes.ch\/auberge\/\",\"name\":\"Gasthaus - Auberge les Charmettes\",\"isPartOf\":{\"@id\":\"https:\/\/aubergelescharmettes.ch\/#website\"},\"datePublished\":\"2025-09-09T05:19:50+00:00\",\"dateModified\":\"2025-09-17T11:47:26+00:00\",\"breadcrumb\":{\"@id\":\"https:\/\/aubergelescharmettes.ch\/auberge\/#breadcrumb\"},\"inLanguage\":\"de\",\"potentialAction\":[{\"@type\":\"ReadAction\",\"target\":[\"https:\/\/aubergelescharmettes.ch\/auberge\/\"]}]},{\"@type\":\"BreadcrumbList\",\"@id\":\"https:\/\/aubergelescharmettes.ch\/auberge\/#breadcrumb\",\"itemListElement\":[{\"@type\":\"ListItem\",\"position\":1,\"name\":\"Accueil\",\"item\":\"https:\/\/aubergelescharmettes.ch\/de\/\"},{\"@type\":\"ListItem\",\"position\":2,\"name\":\"Gasthaus\"}]},{\"@type\":\"WebSite\",\"@id\":\"https:\/\/aubergelescharmettes.ch\/#website\",\"url\":\"https:\/\/aubergelescharmettes.ch\/\",\"name\":\"Auberge les Charmettes\",\"description\":\"\",\"potentialAction\":[{\"@type\":\"SearchAction\",\"target\":{\"@type\":\"EntryPoint\",\"urlTemplate\":\"https:\/\/aubergelescharmettes.ch\/?s={search_term_string}\"},\"query-input\":{\"@type\":\"PropertyValueSpecification\",\"valueRequired\":true,\"valueName\":\"search_term_string\"}}],\"inLanguage\":\"de\"}]}<\/script>\n<!-- \/ Yoast SEO plugin. -->","yoast_head_json":{"title":"Gasthaus - Auberge les Charmettes","robots":{"index":"index","follow":"follow","max-snippet":"max-snippet:-1","max-image-preview":"max-image-preview:large","max-video-preview":"max-video-preview:-1"},"canonical":"https:\/\/aubergelescharmettes.ch\/auberge\/","og_locale":"de_DE","og_type":"article","og_title":"Gasthaus - Auberge les Charmettes","og_description":"[vc_row][vc_column][\/vc_column][\/vc_row][vc_row][vc_column width=&#8220;1\/2&#8243; dfd_column_responsive_enable=&#8220;dfd-column-responsive-enable&#8220; css=&#8220;.vc_custom_1757405973931{padding-right: 75px !important;}&#8220; col_shadow=&#8220;box_shadow_enable:disable|shadow_horizontal:0|shadow_vertical:15|shadow_blur:50|shadow_spread:0|box_shadow_color:rgba(0%2C0%2C0%2C.35)&#8220; col_shadow_hover=&#8220;box_shadow_enable:disable|shadow_horizontal:0|shadow_vertical:15|shadow_blur:50|shadow_spread:0|box_shadow_color:rgba(0%2C0%2C0%2C.35)&#8220; responsive_styles=&#8220;padding_right_mobile:20&#8243;][vc_column_text css=&#8220;&#8220;]Seit \u00fcber 50 Jahren empf\u00e4ngt die Auberge les Charmettes Reisende und Wanderer in Bourg-Saint-Pierre. Sie wurde von Ludovic und Claudia Tornare","og_url":"https:\/\/aubergelescharmettes.ch\/auberge\/","og_site_name":"Auberge les Charmettes","article_modified_time":"2025-09-17T11:47:26+00:00","twitter_card":"summary_large_image","twitter_misc":{"Gesch\u00e4tzte Lesezeit":"5\u00a0Minuten"},"schema":{"@context":"https:\/\/schema.org","@graph":[{"@type":"WebPage","@id":"https:\/\/aubergelescharmettes.ch\/auberge\/","url":"https:\/\/aubergelescharmettes.ch\/auberge\/","name":"Gasthaus - Auberge les Charmettes","isPartOf":{"@id":"https:\/\/aubergelescharmettes.ch\/#website"},"datePublished":"2025-09-09T05:19:50+00:00","dateModified":"2025-09-17T11:47:26+00:00","breadcrumb":{"@id":"https:\/\/aubergelescharmettes.ch\/auberge\/#breadcrumb"},"inLanguage":"de","potentialAction":[{"@type":"ReadAction","target":["https:\/\/aubergelescharmettes.ch\/auberge\/"]}]},{"@type":"BreadcrumbList","@id":"https:\/\/aubergelescharmettes.ch\/auberge\/#breadcrumb","itemListElement":[{"@type":"ListItem","position":1,"name":"Accueil","item":"https:\/\/aubergelescharmettes.ch\/de\/"},{"@type":"ListItem","position":2,"name":"Gasthaus"}]},{"@type":"WebSite","@id":"https:\/\/aubergelescharmettes.ch\/#website","url":"https:\/\/aubergelescharmettes.ch\/","name":"Auberge les Charmettes","description":"","potentialAction":[{"@type":"SearchAction","target":{"@type":"EntryPoint","urlTemplate":"https:\/\/aubergelescharmettes.ch\/?s={search_term_string}"},"query-input":{"@type":"PropertyValueSpecification","valueRequired":true,"valueName":"search_term_string"}}],"inLanguage":"de"}]}},"_links":{"self":[{"href":"https:\/\/aubergelescharmettes.ch\/de\/wp-json\/wp\/v2\/pages\/209","targetHints":{"allow":["GET"]}}],"collection":[{"href":"https:\/\/aubergelescharmettes.ch\/de\/wp-json\/wp\/v2\/pages"}],"about":[{"href":"https:\/\/aubergelescharmettes.ch\/de\/wp-json\/wp\/v2\/types\/page"}],"author":[{"embeddable":true,"href":"https:\/\/aubergelescharmettes.ch\/de\/wp-json\/wp\/v2\/users\/1"}],"replies":[{"embeddable":true,"href":"https:\/\/aubergelescharmettes.ch\/de\/wp-json\/wp\/v2\/comments?post=209"}],"version-history":[{"count":2,"href":"https:\/\/aubergelescharmettes.ch\/de\/wp-json\/wp\/v2\/pages\/209\/revisions"}],"predecessor-version":[{"id":213,"href":"https:\/\/aubergelescharmettes.ch\/de\/wp-json\/wp\/v2\/pages\/209\/revisions\/213"}],"wp:attachment":[{"href":"https:\/\/aubergelescharmettes.ch\/de\/wp-json\/wp\/v2\/media?parent=209"}],"curies":[{"name":"wp","href":"https:\/\/api.w.org\/{rel}","templated":true}]}}